{"id":29660,"date":"2022-05-03T12:05:53","date_gmt":"2022-05-03T17:05:53","guid":{"rendered":"https:\/\/iglesiapalabrapura.com\/site\/?post_type=product&#038;p=29660"},"modified":"2025-06-20T15:34:27","modified_gmt":"2025-06-20T20:34:27","slug":"servicio-de-peticiones-2020","status":"publish","type":"product","link":"https:\/\/iglesiapalabrapura.com\/site\/product\/servicio-de-peticiones-2020\/","title":{"rendered":"Servicio de Peticiones 2020"},"content":{"rendered":"","protected":false},"excerpt":{"rendered":"<p>Ahora que hemos pasado a una nueva d\u00e9cada, la Pastora Adriana H. Lemes nos muestras a trav\u00e9s de las Escrituras, la importancia de Israel y lo que representa en estos \u00faltimos tiempos para todos nosotros. Todo tiene su tiempo, todo tiene un principio y un final. As\u00ed que la Palabra misma nos va revelando los tiempos establecidos por Dios y la importancia de estar preparados.<\/p>\n<p>Ense\u00f1anza del a\u00f1o 2020<\/p>\n","protected":false},"featured_media":29476,"comment_status":"open","ping_status":"closed","template":"","meta":[],"product_cat":[52,841,1182],"product_tag":[123,116,62,224],"class_list":{"0":"post-29660","1":"product","2":"type-product","3":"status-publish","4":"has-post-thumbnail","6":"product_cat-audioensenanza","7":"product_cat-adrianalemes","8":"product_cat-por-autor-audioensenanza","9":"product_tag-ensenanza","10":"product_tag-iglesia-palabra-pura","11":"product_tag-pastora-adriana-lemes","12":"product_tag-servicio-de-peticiones-2020","14":"first","15":"instock","16":"downloadable","17":"virtual","18":"purchasable","19":"product-type-simple"},"_links":{"self":[{"href":"https:\/\/iglesiapalabrapura.com\/site\/wp-json\/wp\/v2\/product\/29660","targetHints":{"allow":["GET"]}}],"collection":[{"href":"https:\/\/iglesiapalabrapura.com\/site\/wp-json\/wp\/v2\/product"}],"about":[{"href":"https:\/\/iglesiapalabrapura.com\/site\/wp-json\/wp\/v2\/types\/product"}],"replies":[{"embeddable":true,"href":"https:\/\/iglesiapalabrapura.com\/site\/wp-json\/wp\/v2\/comments?post=29660"}],"wp:featuredmedia":[{"embeddable":true,"href":"https:\/\/iglesiapalabrapura.com\/site\/wp-json\/wp\/v2\/media\/29476"}],"wp:attachment":[{"href":"https:\/\/iglesiapalabrapura.com\/site\/wp-json\/wp\/v2\/media?parent=29660"}],"wp:term":[{"taxonomy":"product_cat","embeddable":true,"href":"https:\/\/iglesiapalabrapura.com\/site\/wp-json\/wp\/v2\/product_cat?post=29660"},{"taxonomy":"product_tag","embeddable":true,"href":"https:\/\/iglesiapalabrapura.com\/site\/wp-json\/wp\/v2\/product_tag?post=29660"}],"curies":[{"name":"wp","href":"https:\/\/api.w.org\/{rel}","templated":true}]}}