{"id":29665,"date":"2022-05-03T12:09:26","date_gmt":"2022-05-03T17:09:26","guid":{"rendered":"https:\/\/iglesiapalabrapura.com\/site\/?post_type=product&#038;p=29665"},"modified":"2025-06-20T15:33:58","modified_gmt":"2025-06-20T20:33:58","slug":"tenemos-un-futuro-serie","status":"publish","type":"product","link":"https:\/\/iglesiapalabrapura.com\/site\/product\/tenemos-un-futuro-serie\/","title":{"rendered":"Tenemos un Futuro (Serie)"},"content":{"rendered":"","protected":false},"excerpt":{"rendered":"<p>En esta maravillosa serie, el Pastor Rafael nos ense\u00f1a a trav\u00e9s de las Escrituras c\u00f3mo vivir a pesar de las circunstancias. Somos hijos de bendici\u00f3n y como tal debemos caminar en esta tierra.<\/p>\n","protected":false},"featured_media":29478,"comment_status":"open","ping_status":"closed","template":"","meta":[],"product_cat":[52,1182,840],"product_tag":[116,65,120,225],"class_list":{"0":"post-29665","1":"product","2":"type-product","3":"status-publish","4":"has-post-thumbnail","6":"product_cat-audioensenanza","7":"product_cat-por-autor-audioensenanza","8":"product_cat-rafael-lemes","9":"product_tag-iglesia-palabra-pura","10":"product_tag-pastor-rafael-lemes","11":"product_tag-serie","12":"product_tag-tenemos-un-futuro","14":"first","15":"instock","16":"downloadable","17":"virtual","18":"purchasable","19":"product-type-simple"},"_links":{"self":[{"href":"https:\/\/iglesiapalabrapura.com\/site\/wp-json\/wp\/v2\/product\/29665","targetHints":{"allow":["GET"]}}],"collection":[{"href":"https:\/\/iglesiapalabrapura.com\/site\/wp-json\/wp\/v2\/product"}],"about":[{"href":"https:\/\/iglesiapalabrapura.com\/site\/wp-json\/wp\/v2\/types\/product"}],"replies":[{"embeddable":true,"href":"https:\/\/iglesiapalabrapura.com\/site\/wp-json\/wp\/v2\/comments?post=29665"}],"wp:featuredmedia":[{"embeddable":true,"href":"https:\/\/iglesiapalabrapura.com\/site\/wp-json\/wp\/v2\/media\/29478"}],"wp:attachment":[{"href":"https:\/\/iglesiapalabrapura.com\/site\/wp-json\/wp\/v2\/media?parent=29665"}],"wp:term":[{"taxonomy":"product_cat","embeddable":true,"href":"https:\/\/iglesiapalabrapura.com\/site\/wp-json\/wp\/v2\/product_cat?post=29665"},{"taxonomy":"product_tag","embeddable":true,"href":"https:\/\/iglesiapalabrapura.com\/site\/wp-json\/wp\/v2\/product_tag?post=29665"}],"curies":[{"name":"wp","href":"https:\/\/api.w.org\/{rel}","templated":true}]}}