{"id":29680,"date":"2022-05-03T12:23:21","date_gmt":"2022-05-03T17:23:21","guid":{"rendered":"https:\/\/iglesiapalabrapura.com\/site\/?post_type=product&#038;p=29680"},"modified":"2025-06-20T15:32:49","modified_gmt":"2025-06-20T20:32:49","slug":"corazon-de-adorador","status":"publish","type":"product","link":"https:\/\/iglesiapalabrapura.com\/site\/product\/corazon-de-adorador\/","title":{"rendered":"Coraz\u00f3n de Adorador"},"content":{"rendered":"","protected":false},"excerpt":{"rendered":"<p>El Pastor Yobani Ortiz a trav\u00e9s de la ense\u00f1anza (Coraz\u00f3n de adorador) resalta la importancia de nuestra actitud como creyentes en relaci\u00f3n a Dios, por qu\u00e9 la adoraci\u00f3n es una cuesti\u00f3n de actitud y esta a su vez esta basada en el conocimiento de quien somos en Cristo, s\u00f3lo entendiendo esto nos permitir\u00e1 asumir una verdadera actitud de adorador.<\/p>\n<p>Ense\u00f1anza del a\u00f1o 2020<\/p>\n","protected":false},"featured_media":29485,"comment_status":"open","ping_status":"closed","template":"","meta":[],"product_cat":[52,1182,1191],"product_tag":[227,123,116,228],"class_list":{"0":"post-29680","1":"product","2":"type-product","3":"status-publish","4":"has-post-thumbnail","6":"product_cat-audioensenanza","7":"product_cat-por-autor-audioensenanza","8":"product_cat-yobani-ortiz","9":"product_tag-corazon-de-adorador","10":"product_tag-ensenanza","11":"product_tag-iglesia-palabra-pura","12":"product_tag-pastor-yobani-ortiz","14":"first","15":"instock","16":"downloadable","17":"virtual","18":"purchasable","19":"product-type-simple"},"_links":{"self":[{"href":"https:\/\/iglesiapalabrapura.com\/site\/wp-json\/wp\/v2\/product\/29680","targetHints":{"allow":["GET"]}}],"collection":[{"href":"https:\/\/iglesiapalabrapura.com\/site\/wp-json\/wp\/v2\/product"}],"about":[{"href":"https:\/\/iglesiapalabrapura.com\/site\/wp-json\/wp\/v2\/types\/product"}],"replies":[{"embeddable":true,"href":"https:\/\/iglesiapalabrapura.com\/site\/wp-json\/wp\/v2\/comments?post=29680"}],"wp:featuredmedia":[{"embeddable":true,"href":"https:\/\/iglesiapalabrapura.com\/site\/wp-json\/wp\/v2\/media\/29485"}],"wp:attachment":[{"href":"https:\/\/iglesiapalabrapura.com\/site\/wp-json\/wp\/v2\/media?parent=29680"}],"wp:term":[{"taxonomy":"product_cat","embeddable":true,"href":"https:\/\/iglesiapalabrapura.com\/site\/wp-json\/wp\/v2\/product_cat?post=29680"},{"taxonomy":"product_tag","embeddable":true,"href":"https:\/\/iglesiapalabrapura.com\/site\/wp-json\/wp\/v2\/product_tag?post=29680"}],"curies":[{"name":"wp","href":"https:\/\/api.w.org\/{rel}","templated":true}]}}