{"id":29683,"date":"2022-05-03T12:27:33","date_gmt":"2022-05-03T17:27:33","guid":{"rendered":"https:\/\/iglesiapalabrapura.com\/site\/?post_type=product&#038;p=29683"},"modified":"2025-06-20T15:32:26","modified_gmt":"2025-06-20T20:32:26","slug":"estableciendo-tu-corazon","status":"publish","type":"product","link":"https:\/\/iglesiapalabrapura.com\/site\/product\/estableciendo-tu-corazon\/","title":{"rendered":"Estableciendo Tu Coraz\u00f3n"},"content":{"rendered":"","protected":false},"excerpt":{"rendered":"<p>La ense\u00f1anza (Estableciendo tu coraz\u00f3n) por Melissa Oberrath nos habla de la importancia de la Palabra sembrada en el coraz\u00f3n y como esta reproduce el poder y la verdad de Dios en nosotros, con el prop\u00f3sito de que vivamos conforme a dicha verdad, s\u00f3lo as\u00ed habr\u00e1 fruto en nosotros. Ense\u00f1anza del a\u00f1o 2020<\/p>\n","protected":false},"featured_media":29487,"comment_status":"open","ping_status":"closed","template":"","meta":[],"product_cat":[52,1190,1182],"product_tag":[123,229,116,230],"class_list":{"0":"post-29683","1":"product","2":"type-product","3":"status-publish","4":"has-post-thumbnail","6":"product_cat-audioensenanza","7":"product_cat-melissa-oberrath","8":"product_cat-por-autor-audioensenanza","9":"product_tag-ensenanza","10":"product_tag-estableciendo-tu-corazon","11":"product_tag-iglesia-palabra-pura","12":"product_tag-melissa-oberrath","14":"first","15":"instock","16":"downloadable","17":"virtual","18":"purchasable","19":"product-type-simple"},"_links":{"self":[{"href":"https:\/\/iglesiapalabrapura.com\/site\/wp-json\/wp\/v2\/product\/29683","targetHints":{"allow":["GET"]}}],"collection":[{"href":"https:\/\/iglesiapalabrapura.com\/site\/wp-json\/wp\/v2\/product"}],"about":[{"href":"https:\/\/iglesiapalabrapura.com\/site\/wp-json\/wp\/v2\/types\/product"}],"replies":[{"embeddable":true,"href":"https:\/\/iglesiapalabrapura.com\/site\/wp-json\/wp\/v2\/comments?post=29683"}],"wp:featuredmedia":[{"embeddable":true,"href":"https:\/\/iglesiapalabrapura.com\/site\/wp-json\/wp\/v2\/media\/29487"}],"wp:attachment":[{"href":"https:\/\/iglesiapalabrapura.com\/site\/wp-json\/wp\/v2\/media?parent=29683"}],"wp:term":[{"taxonomy":"product_cat","embeddable":true,"href":"https:\/\/iglesiapalabrapura.com\/site\/wp-json\/wp\/v2\/product_cat?post=29683"},{"taxonomy":"product_tag","embeddable":true,"href":"https:\/\/iglesiapalabrapura.com\/site\/wp-json\/wp\/v2\/product_tag?post=29683"}],"curies":[{"name":"wp","href":"https:\/\/api.w.org\/{rel}","templated":true}]}}