{"id":29694,"date":"2022-05-03T12:32:44","date_gmt":"2022-05-03T17:32:44","guid":{"rendered":"https:\/\/iglesiapalabrapura.com\/site\/?post_type=product&#038;p=29694"},"modified":"2025-06-20T15:30:55","modified_gmt":"2025-06-20T20:30:55","slug":"el-ultimo-tiempo-serie","status":"publish","type":"product","link":"https:\/\/iglesiapalabrapura.com\/site\/product\/el-ultimo-tiempo-serie\/","title":{"rendered":"El \u00daltimo Tiempo (Serie)"},"content":{"rendered":"","protected":false},"excerpt":{"rendered":"<p>El \u00faltimo tiempo es una SERIE DE 15 PARTES, a trav\u00e9s de la cual, los pastores Rafael y Adriana, nos van guiando en el orden de los eventos del \u00faltimo tiempo dividiendo correctamente la Palabra para comprender mejor, a la luz de las Escrituras, el plan de Dios para la humanidad en los a\u00f1os venideros.<\/p>\n<p>Ense\u00f1anza del a\u00f1o 2020<\/p>\n","protected":false},"featured_media":29489,"comment_status":"open","ping_status":"closed","template":"","meta":[],"product_cat":[52,841,1182,840],"product_tag":[232,116,65,62,120],"class_list":{"0":"post-29694","1":"product","2":"type-product","3":"status-publish","4":"has-post-thumbnail","6":"product_cat-audioensenanza","7":"product_cat-adrianalemes","8":"product_cat-por-autor-audioensenanza","9":"product_cat-rafael-lemes","10":"product_tag-el-ultimo-tiempo","11":"product_tag-iglesia-palabra-pura","12":"product_tag-pastor-rafael-lemes","13":"product_tag-pastora-adriana-lemes","14":"product_tag-serie","16":"first","17":"instock","18":"downloadable","19":"virtual","20":"purchasable","21":"product-type-simple"},"_links":{"self":[{"href":"https:\/\/iglesiapalabrapura.com\/site\/wp-json\/wp\/v2\/product\/29694","targetHints":{"allow":["GET"]}}],"collection":[{"href":"https:\/\/iglesiapalabrapura.com\/site\/wp-json\/wp\/v2\/product"}],"about":[{"href":"https:\/\/iglesiapalabrapura.com\/site\/wp-json\/wp\/v2\/types\/product"}],"replies":[{"embeddable":true,"href":"https:\/\/iglesiapalabrapura.com\/site\/wp-json\/wp\/v2\/comments?post=29694"}],"wp:featuredmedia":[{"embeddable":true,"href":"https:\/\/iglesiapalabrapura.com\/site\/wp-json\/wp\/v2\/media\/29489"}],"wp:attachment":[{"href":"https:\/\/iglesiapalabrapura.com\/site\/wp-json\/wp\/v2\/media?parent=29694"}],"wp:term":[{"taxonomy":"product_cat","embeddable":true,"href":"https:\/\/iglesiapalabrapura.com\/site\/wp-json\/wp\/v2\/product_cat?post=29694"},{"taxonomy":"product_tag","embeddable":true,"href":"https:\/\/iglesiapalabrapura.com\/site\/wp-json\/wp\/v2\/product_tag?post=29694"}],"curies":[{"name":"wp","href":"https:\/\/api.w.org\/{rel}","templated":true}]}}