{"id":29708,"date":"2022-05-03T12:43:28","date_gmt":"2022-05-03T17:43:28","guid":{"rendered":"https:\/\/iglesiapalabrapura.com\/site\/?post_type=product&#038;p=29708"},"modified":"2025-06-20T15:30:26","modified_gmt":"2025-06-20T20:30:26","slug":"accion-de-gracias-2020","status":"publish","type":"product","link":"https:\/\/iglesiapalabrapura.com\/site\/product\/accion-de-gracias-2020\/","title":{"rendered":"Acci\u00f3n de Gracias 2020"},"content":{"rendered":"","protected":false},"excerpt":{"rendered":"<p>Ense\u00f1anza del a\u00f1o 2020<\/p>\n","protected":false},"featured_media":29508,"comment_status":"open","ping_status":"closed","template":"","meta":[],"product_cat":[52,841,1182,840],"product_tag":[234,123,116,65,62],"class_list":{"0":"post-29708","1":"product","2":"type-product","3":"status-publish","4":"has-post-thumbnail","6":"product_cat-audioensenanza","7":"product_cat-adrianalemes","8":"product_cat-por-autor-audioensenanza","9":"product_cat-rafael-lemes","10":"product_tag-accion-de-gracias-2020","11":"product_tag-ensenanza","12":"product_tag-iglesia-palabra-pura","13":"product_tag-pastor-rafael-lemes","14":"product_tag-pastora-adriana-lemes","16":"first","17":"instock","18":"downloadable","19":"virtual","20":"purchasable","21":"product-type-simple"},"_links":{"self":[{"href":"https:\/\/iglesiapalabrapura.com\/site\/wp-json\/wp\/v2\/product\/29708","targetHints":{"allow":["GET"]}}],"collection":[{"href":"https:\/\/iglesiapalabrapura.com\/site\/wp-json\/wp\/v2\/product"}],"about":[{"href":"https:\/\/iglesiapalabrapura.com\/site\/wp-json\/wp\/v2\/types\/product"}],"replies":[{"embeddable":true,"href":"https:\/\/iglesiapalabrapura.com\/site\/wp-json\/wp\/v2\/comments?post=29708"}],"wp:featuredmedia":[{"embeddable":true,"href":"https:\/\/iglesiapalabrapura.com\/site\/wp-json\/wp\/v2\/media\/29508"}],"wp:attachment":[{"href":"https:\/\/iglesiapalabrapura.com\/site\/wp-json\/wp\/v2\/media?parent=29708"}],"wp:term":[{"taxonomy":"product_cat","embeddable":true,"href":"https:\/\/iglesiapalabrapura.com\/site\/wp-json\/wp\/v2\/product_cat?post=29708"},{"taxonomy":"product_tag","embeddable":true,"href":"https:\/\/iglesiapalabrapura.com\/site\/wp-json\/wp\/v2\/product_tag?post=29708"}],"curies":[{"name":"wp","href":"https:\/\/api.w.org\/{rel}","templated":true}]}}