{"id":29723,"date":"2022-05-03T14:08:30","date_gmt":"2022-05-03T19:08:30","guid":{"rendered":"https:\/\/iglesiapalabrapura.com\/site\/?post_type=product&#038;p=29723"},"modified":"2025-06-20T15:29:40","modified_gmt":"2025-06-20T20:29:40","slug":"pasion-por-jesus","status":"publish","type":"product","link":"https:\/\/iglesiapalabrapura.com\/site\/product\/pasion-por-jesus\/","title":{"rendered":"Pasi\u00f3n por Jes\u00fas"},"content":{"rendered":"","protected":false},"excerpt":{"rendered":"<p>Todos tenemos pasi\u00f3n por algo que nos gusta hacer. El deporte, el trabajo, etc. \u00bfPero qu\u00e9 tanta pasi\u00f3n tenemos por Jesucristo, nuestro Se\u00f1or y Salvador? Beatriz Orozco, a trav\u00e9s de esta maravillosa ense\u00f1anza, nos muestra por qu\u00e9 raz\u00f3n debemos ser apasionados por Jesucristo, que va m\u00e1s all\u00e1 de un sentimiento; es una urgencia de estar en la presencia de Dios y conocerlo por medio de su Palabra.<\/p>\n<p>Ense\u00f1anza del a\u00f1o 2020<\/p>\n","protected":false},"featured_media":29512,"comment_status":"open","ping_status":"closed","template":"","meta":[],"product_cat":[52,841,1182],"product_tag":[238,123,116,237],"class_list":{"0":"post-29723","1":"product","2":"type-product","3":"status-publish","4":"has-post-thumbnail","6":"product_cat-audioensenanza","7":"product_cat-adrianalemes","8":"product_cat-por-autor-audioensenanza","9":"product_tag-beatriz-orozco","10":"product_tag-ensenanza","11":"product_tag-iglesia-palabra-pura","12":"product_tag-pasion-por-jesus","14":"first","15":"instock","16":"downloadable","17":"virtual","18":"purchasable","19":"product-type-simple"},"_links":{"self":[{"href":"https:\/\/iglesiapalabrapura.com\/site\/wp-json\/wp\/v2\/product\/29723","targetHints":{"allow":["GET"]}}],"collection":[{"href":"https:\/\/iglesiapalabrapura.com\/site\/wp-json\/wp\/v2\/product"}],"about":[{"href":"https:\/\/iglesiapalabrapura.com\/site\/wp-json\/wp\/v2\/types\/product"}],"replies":[{"embeddable":true,"href":"https:\/\/iglesiapalabrapura.com\/site\/wp-json\/wp\/v2\/comments?post=29723"}],"wp:featuredmedia":[{"embeddable":true,"href":"https:\/\/iglesiapalabrapura.com\/site\/wp-json\/wp\/v2\/media\/29512"}],"wp:attachment":[{"href":"https:\/\/iglesiapalabrapura.com\/site\/wp-json\/wp\/v2\/media?parent=29723"}],"wp:term":[{"taxonomy":"product_cat","embeddable":true,"href":"https:\/\/iglesiapalabrapura.com\/site\/wp-json\/wp\/v2\/product_cat?post=29723"},{"taxonomy":"product_tag","embeddable":true,"href":"https:\/\/iglesiapalabrapura.com\/site\/wp-json\/wp\/v2\/product_tag?post=29723"}],"curies":[{"name":"wp","href":"https:\/\/api.w.org\/{rel}","templated":true}]}}