{"id":29726,"date":"2022-05-03T14:12:14","date_gmt":"2022-05-03T19:12:14","guid":{"rendered":"https:\/\/iglesiapalabrapura.com\/site\/?post_type=product&#038;p=29726"},"modified":"2025-06-20T15:29:26","modified_gmt":"2025-06-20T20:29:26","slug":"el-reino-milenial-de-jesucristo-serie","status":"publish","type":"product","link":"https:\/\/iglesiapalabrapura.com\/site\/product\/el-reino-milenial-de-jesucristo-serie\/","title":{"rendered":"El Reino Milenial de Jesucristo (Serie)"},"content":{"rendered":"","protected":false},"excerpt":{"rendered":"<p>Siempre hay gran expectativa sobre este tema; de c\u00f3mo ser\u00e1, cu\u00e1ndo suceder\u00e1 y qui\u00e9nes estar\u00e1n all\u00ed. La Pastora Adriana H. Lemes a trav\u00e9s de esta serie nos ense\u00f1a, no s\u00f3lo a dividir correctamente la Palabra en relaci\u00f3n a este fascinante tema, tambi\u00e9n nos aclara muchas dudas que tenemos al respecto. Una ense\u00f1anza que nos preparara para ese glorioso tiempo.<\/p>\n<p>Ense\u00f1anza del a\u00f1o 2022<\/p>\n","protected":false},"featured_media":29731,"comment_status":"open","ping_status":"closed","template":"","meta":[],"product_cat":[52,841,1182],"product_tag":[240,116,62,120],"class_list":{"0":"post-29726","1":"product","2":"type-product","3":"status-publish","4":"has-post-thumbnail","6":"product_cat-audioensenanza","7":"product_cat-adrianalemes","8":"product_cat-por-autor-audioensenanza","9":"product_tag-el-reino-milenial-de-jesucristo","10":"product_tag-iglesia-palabra-pura","11":"product_tag-pastora-adriana-lemes","12":"product_tag-serie","14":"first","15":"instock","16":"downloadable","17":"virtual","18":"purchasable","19":"product-type-simple"},"_links":{"self":[{"href":"https:\/\/iglesiapalabrapura.com\/site\/wp-json\/wp\/v2\/product\/29726","targetHints":{"allow":["GET"]}}],"collection":[{"href":"https:\/\/iglesiapalabrapura.com\/site\/wp-json\/wp\/v2\/product"}],"about":[{"href":"https:\/\/iglesiapalabrapura.com\/site\/wp-json\/wp\/v2\/types\/product"}],"replies":[{"embeddable":true,"href":"https:\/\/iglesiapalabrapura.com\/site\/wp-json\/wp\/v2\/comments?post=29726"}],"wp:featuredmedia":[{"embeddable":true,"href":"https:\/\/iglesiapalabrapura.com\/site\/wp-json\/wp\/v2\/media\/29731"}],"wp:attachment":[{"href":"https:\/\/iglesiapalabrapura.com\/site\/wp-json\/wp\/v2\/media?parent=29726"}],"wp:term":[{"taxonomy":"product_cat","embeddable":true,"href":"https:\/\/iglesiapalabrapura.com\/site\/wp-json\/wp\/v2\/product_cat?post=29726"},{"taxonomy":"product_tag","embeddable":true,"href":"https:\/\/iglesiapalabrapura.com\/site\/wp-json\/wp\/v2\/product_tag?post=29726"}],"curies":[{"name":"wp","href":"https:\/\/api.w.org\/{rel}","templated":true}]}}