{"id":29730,"date":"2022-05-03T14:24:20","date_gmt":"2022-05-03T19:24:20","guid":{"rendered":"https:\/\/iglesiapalabrapura.com\/site\/?post_type=product&#038;p=29730"},"modified":"2025-06-20T15:28:56","modified_gmt":"2025-06-20T20:28:56","slug":"jonas","status":"publish","type":"product","link":"https:\/\/iglesiapalabrapura.com\/site\/product\/jonas\/","title":{"rendered":"Jon\u00e1s"},"content":{"rendered":"","protected":false},"excerpt":{"rendered":"<p>Tal y como sucedi\u00f3 en tiempos de Jon\u00e1s, un pueblo llamado N\u00ednive se salvo de la destrucci\u00f3n una vez que el Profeta Jon\u00e1s les dio el mensaje de Dios.<\/p>\n<p>Estamos en tiempos dif\u00edciles donde la Verdad de la Palabra est\u00e1 siendo atacada y rechazada incluso por los mismo creyentes. En esta ense\u00f1anza, los Pastores Rafael y Adriana nos explican lo delicado de dar la espalda a Dios e ignorar las se\u00f1ales, a la luz de las Escrituras.<\/p>\n<p>Ense\u00f1anza del a\u00f1o 2020<\/p>\n","protected":false},"featured_media":29518,"comment_status":"open","ping_status":"closed","template":"","meta":[],"product_cat":[52,841,1182,840],"product_tag":[123,116,242,65,62],"class_list":{"0":"post-29730","1":"product","2":"type-product","3":"status-publish","4":"has-post-thumbnail","6":"product_cat-audioensenanza","7":"product_cat-adrianalemes","8":"product_cat-por-autor-audioensenanza","9":"product_cat-rafael-lemes","10":"product_tag-ensenanza","11":"product_tag-iglesia-palabra-pura","12":"product_tag-jonas","13":"product_tag-pastor-rafael-lemes","14":"product_tag-pastora-adriana-lemes","16":"first","17":"instock","18":"downloadable","19":"virtual","20":"purchasable","21":"product-type-simple"},"_links":{"self":[{"href":"https:\/\/iglesiapalabrapura.com\/site\/wp-json\/wp\/v2\/product\/29730","targetHints":{"allow":["GET"]}}],"collection":[{"href":"https:\/\/iglesiapalabrapura.com\/site\/wp-json\/wp\/v2\/product"}],"about":[{"href":"https:\/\/iglesiapalabrapura.com\/site\/wp-json\/wp\/v2\/types\/product"}],"replies":[{"embeddable":true,"href":"https:\/\/iglesiapalabrapura.com\/site\/wp-json\/wp\/v2\/comments?post=29730"}],"wp:featuredmedia":[{"embeddable":true,"href":"https:\/\/iglesiapalabrapura.com\/site\/wp-json\/wp\/v2\/media\/29518"}],"wp:attachment":[{"href":"https:\/\/iglesiapalabrapura.com\/site\/wp-json\/wp\/v2\/media?parent=29730"}],"wp:term":[{"taxonomy":"product_cat","embeddable":true,"href":"https:\/\/iglesiapalabrapura.com\/site\/wp-json\/wp\/v2\/product_cat?post=29730"},{"taxonomy":"product_tag","embeddable":true,"href":"https:\/\/iglesiapalabrapura.com\/site\/wp-json\/wp\/v2\/product_tag?post=29730"}],"curies":[{"name":"wp","href":"https:\/\/api.w.org\/{rel}","templated":true}]}}