{"id":29733,"date":"2022-05-03T14:27:09","date_gmt":"2022-05-03T19:27:09","guid":{"rendered":"https:\/\/iglesiapalabrapura.com\/site\/?post_type=product&#038;p=29733"},"modified":"2025-06-20T15:28:43","modified_gmt":"2025-06-20T20:28:43","slug":"y-todo-comenzo-con-jesus","status":"publish","type":"product","link":"https:\/\/iglesiapalabrapura.com\/site\/product\/y-todo-comenzo-con-jesus\/","title":{"rendered":"Y Todo Comenz\u00f3 con Jes\u00fas"},"content":{"rendered":"","protected":false},"excerpt":{"rendered":"<p>Misericordia y justicia de Dios, la una no puede vivir sin la otra. \u00bfDe qu\u00e9 depende que Dios Aplique justicia o misericordia\/Amor en un caso o en otro? El reverendo Alexis nos comparte en una sesi\u00f3n una maravillosa ense\u00f1anza que nos ayuda a entender mejor esta din\u00e1mica.<\/p>\n<p>Ense\u00f1anza del a\u00f1o 2019<\/p>\n","protected":false},"featured_media":29520,"comment_status":"open","ping_status":"closed","template":"","meta":[],"product_cat":[52,1182],"product_tag":[123,116,244,243],"class_list":{"0":"post-29733","1":"product","2":"type-product","3":"status-publish","4":"has-post-thumbnail","6":"product_cat-audioensenanza","7":"product_cat-por-autor-audioensenanza","8":"product_tag-ensenanza","9":"product_tag-iglesia-palabra-pura","10":"product_tag-reverendo-alexy-diaz","11":"product_tag-y-todo-comenzo-con-jesus","13":"first","14":"instock","15":"downloadable","16":"virtual","17":"purchasable","18":"product-type-simple"},"_links":{"self":[{"href":"https:\/\/iglesiapalabrapura.com\/site\/wp-json\/wp\/v2\/product\/29733","targetHints":{"allow":["GET"]}}],"collection":[{"href":"https:\/\/iglesiapalabrapura.com\/site\/wp-json\/wp\/v2\/product"}],"about":[{"href":"https:\/\/iglesiapalabrapura.com\/site\/wp-json\/wp\/v2\/types\/product"}],"replies":[{"embeddable":true,"href":"https:\/\/iglesiapalabrapura.com\/site\/wp-json\/wp\/v2\/comments?post=29733"}],"wp:featuredmedia":[{"embeddable":true,"href":"https:\/\/iglesiapalabrapura.com\/site\/wp-json\/wp\/v2\/media\/29520"}],"wp:attachment":[{"href":"https:\/\/iglesiapalabrapura.com\/site\/wp-json\/wp\/v2\/media?parent=29733"}],"wp:term":[{"taxonomy":"product_cat","embeddable":true,"href":"https:\/\/iglesiapalabrapura.com\/site\/wp-json\/wp\/v2\/product_cat?post=29733"},{"taxonomy":"product_tag","embeddable":true,"href":"https:\/\/iglesiapalabrapura.com\/site\/wp-json\/wp\/v2\/product_tag?post=29733"}],"curies":[{"name":"wp","href":"https:\/\/api.w.org\/{rel}","templated":true}]}}