{"id":29747,"date":"2022-05-03T14:46:32","date_gmt":"2022-05-03T19:46:32","guid":{"rendered":"https:\/\/iglesiapalabrapura.com\/site\/?post_type=product&#038;p=29747"},"modified":"2025-06-20T15:24:10","modified_gmt":"2025-06-20T20:24:10","slug":"servicio-especial-de-resurreccion-2022","status":"publish","type":"product","link":"https:\/\/iglesiapalabrapura.com\/site\/product\/servicio-especial-de-resurreccion-2022\/","title":{"rendered":"Servicio Especial de Resurrecci\u00f3n 2022"},"content":{"rendered":"","protected":false},"excerpt":{"rendered":"<p>En este servicio especial de resurrecci\u00f3n, el pastor Rafael Lemes nos recuerda que es gracias a la resurrecci\u00f3n de Jesucristo el Hijo de Dios, que nosotros tenemos vida en \u00c9l y somos hechos hijos de Dios. Pero adem\u00e1s Su resurrecci\u00f3n, a trav\u00e9s de la historia, no ha existido ning\u00fan argumento o doctrina que le quite el peso a la resurrecci\u00f3n; cuya verdad doctrinal es la base de nuestra existencia, establecida en la Palabra.<\/p>\n<p>Ense\u00f1anza del a\u00f1o 2022<\/p>\n","protected":false},"featured_media":29737,"comment_status":"open","ping_status":"closed","template":"","meta":[],"product_cat":[52,1182,840],"product_tag":[123,116,65,251],"class_list":{"0":"post-29747","1":"product","2":"type-product","3":"status-publish","4":"has-post-thumbnail","6":"product_cat-audioensenanza","7":"product_cat-por-autor-audioensenanza","8":"product_cat-rafael-lemes","9":"product_tag-ensenanza","10":"product_tag-iglesia-palabra-pura","11":"product_tag-pastor-rafael-lemes","12":"product_tag-servicio-especial-de-resurreccion-2022","14":"first","15":"instock","16":"downloadable","17":"virtual","18":"purchasable","19":"product-type-simple"},"_links":{"self":[{"href":"https:\/\/iglesiapalabrapura.com\/site\/wp-json\/wp\/v2\/product\/29747","targetHints":{"allow":["GET"]}}],"collection":[{"href":"https:\/\/iglesiapalabrapura.com\/site\/wp-json\/wp\/v2\/product"}],"about":[{"href":"https:\/\/iglesiapalabrapura.com\/site\/wp-json\/wp\/v2\/types\/product"}],"replies":[{"embeddable":true,"href":"https:\/\/iglesiapalabrapura.com\/site\/wp-json\/wp\/v2\/comments?post=29747"}],"wp:featuredmedia":[{"embeddable":true,"href":"https:\/\/iglesiapalabrapura.com\/site\/wp-json\/wp\/v2\/media\/29737"}],"wp:attachment":[{"href":"https:\/\/iglesiapalabrapura.com\/site\/wp-json\/wp\/v2\/media?parent=29747"}],"wp:term":[{"taxonomy":"product_cat","embeddable":true,"href":"https:\/\/iglesiapalabrapura.com\/site\/wp-json\/wp\/v2\/product_cat?post=29747"},{"taxonomy":"product_tag","embeddable":true,"href":"https:\/\/iglesiapalabrapura.com\/site\/wp-json\/wp\/v2\/product_tag?post=29747"}],"curies":[{"name":"wp","href":"https:\/\/api.w.org\/{rel}","templated":true}]}}