{"id":29748,"date":"2022-05-03T14:48:17","date_gmt":"2022-05-03T19:48:17","guid":{"rendered":"https:\/\/iglesiapalabrapura.com\/site\/?post_type=product&#038;p=29748"},"modified":"2025-06-20T15:24:01","modified_gmt":"2025-06-20T20:24:01","slug":"es-un-asunto-del-corazon","status":"publish","type":"product","link":"https:\/\/iglesiapalabrapura.com\/site\/product\/es-un-asunto-del-corazon\/","title":{"rendered":"Es un Asunto del Coraz\u00f3n"},"content":{"rendered":"","protected":false},"excerpt":{"rendered":"<p>En esta Ense\u00f1anza el Pastor Rafael Lemes nos habla de nuestra identidad, d\u00f3nde, en qu\u00e9 y en qui\u00e9n debemos anclarnos, y qu\u00e9 es lo que debemos cuidar para mantenernos enfocados en nuestra verdadera identidad.<\/p>\n<p>Ense\u00f1anza del a\u00f1o 2018<\/p>\n","protected":false},"featured_media":29528,"comment_status":"open","ping_status":"closed","template":"","meta":[],"product_cat":[52,1182,840],"product_tag":[123,252,116,65],"class_list":{"0":"post-29748","1":"product","2":"type-product","3":"status-publish","4":"has-post-thumbnail","6":"product_cat-audioensenanza","7":"product_cat-por-autor-audioensenanza","8":"product_cat-rafael-lemes","9":"product_tag-ensenanza","10":"product_tag-es-un-asunto-del-corazon","11":"product_tag-iglesia-palabra-pura","12":"product_tag-pastor-rafael-lemes","14":"first","15":"instock","16":"downloadable","17":"virtual","18":"purchasable","19":"product-type-simple"},"_links":{"self":[{"href":"https:\/\/iglesiapalabrapura.com\/site\/wp-json\/wp\/v2\/product\/29748","targetHints":{"allow":["GET"]}}],"collection":[{"href":"https:\/\/iglesiapalabrapura.com\/site\/wp-json\/wp\/v2\/product"}],"about":[{"href":"https:\/\/iglesiapalabrapura.com\/site\/wp-json\/wp\/v2\/types\/product"}],"replies":[{"embeddable":true,"href":"https:\/\/iglesiapalabrapura.com\/site\/wp-json\/wp\/v2\/comments?post=29748"}],"wp:featuredmedia":[{"embeddable":true,"href":"https:\/\/iglesiapalabrapura.com\/site\/wp-json\/wp\/v2\/media\/29528"}],"wp:attachment":[{"href":"https:\/\/iglesiapalabrapura.com\/site\/wp-json\/wp\/v2\/media?parent=29748"}],"wp:term":[{"taxonomy":"product_cat","embeddable":true,"href":"https:\/\/iglesiapalabrapura.com\/site\/wp-json\/wp\/v2\/product_cat?post=29748"},{"taxonomy":"product_tag","embeddable":true,"href":"https:\/\/iglesiapalabrapura.com\/site\/wp-json\/wp\/v2\/product_tag?post=29748"}],"curies":[{"name":"wp","href":"https:\/\/api.w.org\/{rel}","templated":true}]}}