{"id":29761,"date":"2022-05-03T14:55:09","date_gmt":"2022-05-03T19:55:09","guid":{"rendered":"https:\/\/iglesiapalabrapura.com\/site\/?post_type=product&#038;p=29761"},"modified":"2025-06-20T15:23:03","modified_gmt":"2025-06-20T20:23:03","slug":"fortaleciendo-la-fe","status":"publish","type":"product","link":"https:\/\/iglesiapalabrapura.com\/site\/product\/fortaleciendo-la-fe\/","title":{"rendered":"Fortaleciendo la Fe"},"content":{"rendered":"","protected":false},"excerpt":{"rendered":"<p>En esta Ense\u00f1anza el Pastor Rafael Lemes nos ense\u00f1a a mantener en forma la herramienta m\u00e1s importante para sostener nuestro caminar como cristianos, nos gu\u00eda para que reconozcamos que el gimnasio de la Fe es la glorificaci\u00f3n y la gratitud hacia nuestro Dios.<\/p>\n<p>Ense\u00f1anza del a\u00f1o 2018<\/p>\n","protected":false},"featured_media":29532,"comment_status":"open","ping_status":"closed","template":"","meta":[],"product_cat":[52,1182,840],"product_tag":[123,256,116,65],"class_list":{"0":"post-29761","1":"product","2":"type-product","3":"status-publish","4":"has-post-thumbnail","6":"product_cat-audioensenanza","7":"product_cat-por-autor-audioensenanza","8":"product_cat-rafael-lemes","9":"product_tag-ensenanza","10":"product_tag-fortaleciendo-la-fe","11":"product_tag-iglesia-palabra-pura","12":"product_tag-pastor-rafael-lemes","14":"first","15":"instock","16":"downloadable","17":"virtual","18":"purchasable","19":"product-type-simple"},"_links":{"self":[{"href":"https:\/\/iglesiapalabrapura.com\/site\/wp-json\/wp\/v2\/product\/29761","targetHints":{"allow":["GET"]}}],"collection":[{"href":"https:\/\/iglesiapalabrapura.com\/site\/wp-json\/wp\/v2\/product"}],"about":[{"href":"https:\/\/iglesiapalabrapura.com\/site\/wp-json\/wp\/v2\/types\/product"}],"replies":[{"embeddable":true,"href":"https:\/\/iglesiapalabrapura.com\/site\/wp-json\/wp\/v2\/comments?post=29761"}],"wp:featuredmedia":[{"embeddable":true,"href":"https:\/\/iglesiapalabrapura.com\/site\/wp-json\/wp\/v2\/media\/29532"}],"wp:attachment":[{"href":"https:\/\/iglesiapalabrapura.com\/site\/wp-json\/wp\/v2\/media?parent=29761"}],"wp:term":[{"taxonomy":"product_cat","embeddable":true,"href":"https:\/\/iglesiapalabrapura.com\/site\/wp-json\/wp\/v2\/product_cat?post=29761"},{"taxonomy":"product_tag","embeddable":true,"href":"https:\/\/iglesiapalabrapura.com\/site\/wp-json\/wp\/v2\/product_tag?post=29761"}],"curies":[{"name":"wp","href":"https:\/\/api.w.org\/{rel}","templated":true}]}}