{"id":29764,"date":"2022-05-03T14:57:33","date_gmt":"2022-05-03T19:57:33","guid":{"rendered":"https:\/\/iglesiapalabrapura.com\/site\/?post_type=product&#038;p=29764"},"modified":"2025-06-20T15:22:52","modified_gmt":"2025-06-20T20:22:52","slug":"navidad-2021-lucas-1-5-56","status":"publish","type":"product","link":"https:\/\/iglesiapalabrapura.com\/site\/product\/navidad-2021-lucas-1-5-56\/","title":{"rendered":"Navidad 2021 Lucas 1: 5-56"},"content":{"rendered":"","protected":false},"excerpt":{"rendered":"<p>A trav\u00e9s de la ense\u00f1anza de Lucas 1:5-56 por la Pastora Adriana H. Lemes, la Navidad cobrar\u00e1 un significado mucho m\u00e1s importante para nosotros como creyentes. El nacimiento de Jes\u00fas, la entrada de Dios a la tierra por medio de su Hijo amado, abri\u00f3 el tel\u00f3n de la historia, parti\u00e9ndola en un antes y un despu\u00e9s. De ah\u00ed que el nacimiento de Jesucristo sea recordado con tanta alegr\u00eda, porque sin \u00c9l no habr\u00eda Navidad.<\/p>\n<p>Ense\u00f1anza del a\u00f1o 2021<\/p>\n","protected":false},"featured_media":29738,"comment_status":"open","ping_status":"closed","template":"","meta":[],"product_cat":[52,841,1182],"product_tag":[123,116,257,62],"class_list":{"0":"post-29764","1":"product","2":"type-product","3":"status-publish","4":"has-post-thumbnail","6":"product_cat-audioensenanza","7":"product_cat-adrianalemes","8":"product_cat-por-autor-audioensenanza","9":"product_tag-ensenanza","10":"product_tag-iglesia-palabra-pura","11":"product_tag-navidad-2021-lucas-1-5-56","12":"product_tag-pastora-adriana-lemes","14":"first","15":"instock","16":"downloadable","17":"virtual","18":"purchasable","19":"product-type-simple"},"_links":{"self":[{"href":"https:\/\/iglesiapalabrapura.com\/site\/wp-json\/wp\/v2\/product\/29764","targetHints":{"allow":["GET"]}}],"collection":[{"href":"https:\/\/iglesiapalabrapura.com\/site\/wp-json\/wp\/v2\/product"}],"about":[{"href":"https:\/\/iglesiapalabrapura.com\/site\/wp-json\/wp\/v2\/types\/product"}],"replies":[{"embeddable":true,"href":"https:\/\/iglesiapalabrapura.com\/site\/wp-json\/wp\/v2\/comments?post=29764"}],"wp:featuredmedia":[{"embeddable":true,"href":"https:\/\/iglesiapalabrapura.com\/site\/wp-json\/wp\/v2\/media\/29738"}],"wp:attachment":[{"href":"https:\/\/iglesiapalabrapura.com\/site\/wp-json\/wp\/v2\/media?parent=29764"}],"wp:term":[{"taxonomy":"product_cat","embeddable":true,"href":"https:\/\/iglesiapalabrapura.com\/site\/wp-json\/wp\/v2\/product_cat?post=29764"},{"taxonomy":"product_tag","embeddable":true,"href":"https:\/\/iglesiapalabrapura.com\/site\/wp-json\/wp\/v2\/product_tag?post=29764"}],"curies":[{"name":"wp","href":"https:\/\/api.w.org\/{rel}","templated":true}]}}