{"id":29765,"date":"2022-05-03T14:58:52","date_gmt":"2022-05-03T19:58:52","guid":{"rendered":"https:\/\/iglesiapalabrapura.com\/site\/?post_type=product&#038;p=29765"},"modified":"2025-06-20T15:22:37","modified_gmt":"2025-06-20T20:22:37","slug":"como-pelear-sus-batallas","status":"publish","type":"product","link":"https:\/\/iglesiapalabrapura.com\/site\/product\/como-pelear-sus-batallas\/","title":{"rendered":"Como Pelear sus Batallas"},"content":{"rendered":"","protected":false},"excerpt":{"rendered":"<p>En esta maravillosa ense\u00f1anza Beatriz nos ense\u00f1a porque la oraci\u00f3n es una herramienta esencial para Pelear las batallas de la vida y de la fe, en la victoria que Cristo gano para nosotros.<\/p>\n<p>Ense\u00f1anza del a\u00f1o 2019<\/p>\n","protected":false},"featured_media":29534,"comment_status":"open","ping_status":"closed","template":"","meta":[],"product_cat":[1193,52,1182],"product_tag":[238,258,123,116],"class_list":{"0":"post-29765","1":"product","2":"type-product","3":"status-publish","4":"has-post-thumbnail","6":"product_cat-beatriz-orozco","7":"product_cat-audioensenanza","8":"product_cat-por-autor-audioensenanza","9":"product_tag-beatriz-orozco","10":"product_tag-como-pelear-sus-batallas","11":"product_tag-ensenanza","12":"product_tag-iglesia-palabra-pura","14":"first","15":"instock","16":"downloadable","17":"virtual","18":"purchasable","19":"product-type-simple"},"_links":{"self":[{"href":"https:\/\/iglesiapalabrapura.com\/site\/wp-json\/wp\/v2\/product\/29765","targetHints":{"allow":["GET"]}}],"collection":[{"href":"https:\/\/iglesiapalabrapura.com\/site\/wp-json\/wp\/v2\/product"}],"about":[{"href":"https:\/\/iglesiapalabrapura.com\/site\/wp-json\/wp\/v2\/types\/product"}],"replies":[{"embeddable":true,"href":"https:\/\/iglesiapalabrapura.com\/site\/wp-json\/wp\/v2\/comments?post=29765"}],"wp:featuredmedia":[{"embeddable":true,"href":"https:\/\/iglesiapalabrapura.com\/site\/wp-json\/wp\/v2\/media\/29534"}],"wp:attachment":[{"href":"https:\/\/iglesiapalabrapura.com\/site\/wp-json\/wp\/v2\/media?parent=29765"}],"wp:term":[{"taxonomy":"product_cat","embeddable":true,"href":"https:\/\/iglesiapalabrapura.com\/site\/wp-json\/wp\/v2\/product_cat?post=29765"},{"taxonomy":"product_tag","embeddable":true,"href":"https:\/\/iglesiapalabrapura.com\/site\/wp-json\/wp\/v2\/product_tag?post=29765"}],"curies":[{"name":"wp","href":"https:\/\/api.w.org\/{rel}","templated":true}]}}