{"id":29819,"date":"2022-05-03T17:02:43","date_gmt":"2022-05-03T22:02:43","guid":{"rendered":"https:\/\/iglesiapalabrapura.com\/site\/?post_type=product&#038;p=29819"},"modified":"2025-06-20T15:21:03","modified_gmt":"2025-06-20T20:21:03","slug":"ha-resucitado","status":"publish","type":"product","link":"https:\/\/iglesiapalabrapura.com\/site\/product\/ha-resucitado\/","title":{"rendered":"Ha Resucitado"},"content":{"rendered":"","protected":false},"excerpt":{"rendered":"<p>En el 2020 pasaron muchas cosas que limitaron de alguna manera a la Iglesia, pero eso no fue impedimento para recibir ense\u00f1anza, orar y alabar a Dios. En medio de ese tiempo tan dif\u00edcil para todos, nuestros pastores Rafael Lemes y Adriana H. Lemes, nos abren las Escrituras en relaci\u00f3n a la resurrecci\u00f3n de nuestro Se\u00f1or Jesucristo, para entender la magnitud de lo que Dios hizo en la cruz.<\/p>\n<p>&nbsp;<\/p>\n","protected":false},"featured_media":29825,"comment_status":"open","ping_status":"closed","template":"","meta":[],"product_cat":[52,841,1182,840],"product_tag":[123,287,116,65,62],"class_list":{"0":"post-29819","1":"product","2":"type-product","3":"status-publish","4":"has-post-thumbnail","6":"product_cat-audioensenanza","7":"product_cat-adrianalemes","8":"product_cat-por-autor-audioensenanza","9":"product_cat-rafael-lemes","10":"product_tag-ensenanza","11":"product_tag-ha-resucitado","12":"product_tag-iglesia-palabra-pura","13":"product_tag-pastor-rafael-lemes","14":"product_tag-pastora-adriana-lemes","16":"first","17":"instock","18":"downloadable","19":"virtual","20":"purchasable","21":"product-type-simple"},"_links":{"self":[{"href":"https:\/\/iglesiapalabrapura.com\/site\/wp-json\/wp\/v2\/product\/29819","targetHints":{"allow":["GET"]}}],"collection":[{"href":"https:\/\/iglesiapalabrapura.com\/site\/wp-json\/wp\/v2\/product"}],"about":[{"href":"https:\/\/iglesiapalabrapura.com\/site\/wp-json\/wp\/v2\/types\/product"}],"replies":[{"embeddable":true,"href":"https:\/\/iglesiapalabrapura.com\/site\/wp-json\/wp\/v2\/comments?post=29819"}],"wp:featuredmedia":[{"embeddable":true,"href":"https:\/\/iglesiapalabrapura.com\/site\/wp-json\/wp\/v2\/media\/29825"}],"wp:attachment":[{"href":"https:\/\/iglesiapalabrapura.com\/site\/wp-json\/wp\/v2\/media?parent=29819"}],"wp:term":[{"taxonomy":"product_cat","embeddable":true,"href":"https:\/\/iglesiapalabrapura.com\/site\/wp-json\/wp\/v2\/product_cat?post=29819"},{"taxonomy":"product_tag","embeddable":true,"href":"https:\/\/iglesiapalabrapura.com\/site\/wp-json\/wp\/v2\/product_tag?post=29819"}],"curies":[{"name":"wp","href":"https:\/\/api.w.org\/{rel}","templated":true}]}}