{"id":29842,"date":"2022-05-03T17:42:18","date_gmt":"2022-05-03T22:42:18","guid":{"rendered":"https:\/\/iglesiapalabrapura.com\/site\/?post_type=product&#038;p=29842"},"modified":"2025-06-20T15:19:27","modified_gmt":"2025-06-20T20:19:27","slug":"la-obediencia-hace-la-diferencia","status":"publish","type":"product","link":"https:\/\/iglesiapalabrapura.com\/site\/product\/la-obediencia-hace-la-diferencia\/","title":{"rendered":"La Obediencia Hace la Diferencia"},"content":{"rendered":"","protected":false},"excerpt":{"rendered":"<p>Con regularidad el cristiano de hoy en d\u00eda se queja de los resultados que obtiene en su vida, pero no toma en cuenta que estos resultados son el producto de las malas decisiones. La obediencia parcial o tard\u00eda equivale a desobediencia; s\u00f3lo la aplicaci\u00f3n de la Palabra separa al cristiano que hace del cristiano que oye.<\/p>\n<p>Ense\u00f1anza del a\u00f1o 2022<\/p>\n","protected":false},"featured_media":29841,"comment_status":"open","ping_status":"closed","template":"","meta":[],"product_cat":[52,1182,1192],"product_tag":[123,116,298,236],"class_list":{"0":"post-29842","1":"product","2":"type-product","3":"status-publish","4":"has-post-thumbnail","6":"product_cat-audioensenanza","7":"product_cat-por-autor-audioensenanza","8":"product_cat-sandra-fajardo","9":"product_tag-ensenanza","10":"product_tag-iglesia-palabra-pura","11":"product_tag-la-obediencia-hace-la-diferencia","12":"product_tag-sandra-fajardo","14":"first","15":"instock","16":"downloadable","17":"virtual","18":"purchasable","19":"product-type-simple"},"_links":{"self":[{"href":"https:\/\/iglesiapalabrapura.com\/site\/wp-json\/wp\/v2\/product\/29842","targetHints":{"allow":["GET"]}}],"collection":[{"href":"https:\/\/iglesiapalabrapura.com\/site\/wp-json\/wp\/v2\/product"}],"about":[{"href":"https:\/\/iglesiapalabrapura.com\/site\/wp-json\/wp\/v2\/types\/product"}],"replies":[{"embeddable":true,"href":"https:\/\/iglesiapalabrapura.com\/site\/wp-json\/wp\/v2\/comments?post=29842"}],"wp:featuredmedia":[{"embeddable":true,"href":"https:\/\/iglesiapalabrapura.com\/site\/wp-json\/wp\/v2\/media\/29841"}],"wp:attachment":[{"href":"https:\/\/iglesiapalabrapura.com\/site\/wp-json\/wp\/v2\/media?parent=29842"}],"wp:term":[{"taxonomy":"product_cat","embeddable":true,"href":"https:\/\/iglesiapalabrapura.com\/site\/wp-json\/wp\/v2\/product_cat?post=29842"},{"taxonomy":"product_tag","embeddable":true,"href":"https:\/\/iglesiapalabrapura.com\/site\/wp-json\/wp\/v2\/product_tag?post=29842"}],"curies":[{"name":"wp","href":"https:\/\/api.w.org\/{rel}","templated":true}]}}