{"id":29844,"date":"2022-05-03T17:43:05","date_gmt":"2022-05-03T22:43:05","guid":{"rendered":"https:\/\/iglesiapalabrapura.com\/site\/?post_type=product&#038;p=29844"},"modified":"2025-10-17T11:49:49","modified_gmt":"2025-10-17T16:49:49","slug":"el-poder-de-la-esposa-que-ora","status":"publish","type":"product","link":"https:\/\/iglesiapalabrapura.com\/site\/product\/el-poder-de-la-esposa-que-ora\/","title":{"rendered":"El Poder de la Esposa que Ora"},"content":{"rendered":"","protected":false},"excerpt":{"rendered":"<p>Cuando una mujer ora por su esposo\u2026 ambos reciben las bendiciones! Setenta oraciones a tu disposici\u00f3n tomadas del libro: El poder de la esposa que ora. Cada oraci\u00f3n incluye un pasaje b\u00edblico a fin de animarte a trav\u00e9s del da y un espacio para a\u00f1adir tus propias reflexiones, peticiones y respuestas de oraci\u00f3n.<\/p>\n","protected":false},"featured_media":29845,"comment_status":"open","ping_status":"closed","template":"","meta":[],"product_cat":[54],"product_tag":[299,69,295],"class_list":{"0":"post-29844","1":"product","2":"type-product","3":"status-publish","4":"has-post-thumbnail","6":"product_cat-libros","7":"product_tag-el-poder-de-la-esposa-que-ora","8":"product_tag-libro","9":"product_tag-stormie-omartian","11":"first","12":"instock","13":"shipping-taxable","14":"purchasable","15":"product-type-simple"},"_links":{"self":[{"href":"https:\/\/iglesiapalabrapura.com\/site\/wp-json\/wp\/v2\/product\/29844","targetHints":{"allow":["GET"]}}],"collection":[{"href":"https:\/\/iglesiapalabrapura.com\/site\/wp-json\/wp\/v2\/product"}],"about":[{"href":"https:\/\/iglesiapalabrapura.com\/site\/wp-json\/wp\/v2\/types\/product"}],"replies":[{"embeddable":true,"href":"https:\/\/iglesiapalabrapura.com\/site\/wp-json\/wp\/v2\/comments?post=29844"}],"wp:featuredmedia":[{"embeddable":true,"href":"https:\/\/iglesiapalabrapura.com\/site\/wp-json\/wp\/v2\/media\/29845"}],"wp:attachment":[{"href":"https:\/\/iglesiapalabrapura.com\/site\/wp-json\/wp\/v2\/media?parent=29844"}],"wp:term":[{"taxonomy":"product_cat","embeddable":true,"href":"https:\/\/iglesiapalabrapura.com\/site\/wp-json\/wp\/v2\/product_cat?post=29844"},{"taxonomy":"product_tag","embeddable":true,"href":"https:\/\/iglesiapalabrapura.com\/site\/wp-json\/wp\/v2\/product_tag?post=29844"}],"curies":[{"name":"wp","href":"https:\/\/api.w.org\/{rel}","templated":true}]}}