{"id":29847,"date":"2022-05-03T17:46:34","date_gmt":"2022-05-03T22:46:34","guid":{"rendered":"https:\/\/iglesiapalabrapura.com\/site\/?post_type=product&#038;p=29847"},"modified":"2025-06-20T15:19:12","modified_gmt":"2025-06-20T20:19:12","slug":"como-viven-los-que-estan-esperando-al-senor","status":"publish","type":"product","link":"https:\/\/iglesiapalabrapura.com\/site\/product\/como-viven-los-que-estan-esperando-al-senor\/","title":{"rendered":"Como Viven los que Est\u00e1n Esperando al Se\u00f1or"},"content":{"rendered":"","protected":false},"excerpt":{"rendered":"<p>Si hay algo seguro en la Palabra es el Rapto de la Iglesia y la Segunda Venida de Jesucristo. Y pareciera no importarles a muchos hoy. As\u00ed que hay dos tipos de persona: 1) los que viven esperando el Rapto y creyendo en la Segunda Venida de Jes\u00fas 2) los que viven como si eso fuera s\u00f3lo una f\u00e1bula. De modo que el testimonio de una creyente habla mucho de qu\u00e9 tanta importancia les da a estos acontecimientos tan importantes.<\/p>\n<p>Ense\u00f1anza del a\u00f1o 2022<\/p>\n","protected":false},"featured_media":29846,"comment_status":"open","ping_status":"closed","template":"","meta":[],"product_cat":[52,1194,1182],"product_tag":[300,123,301,116],"class_list":{"0":"post-29847","1":"product","2":"type-product","3":"status-publish","4":"has-post-thumbnail","6":"product_cat-audioensenanza","7":"product_cat-gloria-deisy-munoz","8":"product_cat-por-autor-audioensenanza","9":"product_tag-como-viven-los-que-estan-esperando-al-senor","10":"product_tag-ensenanza","11":"product_tag-gloria-deisy-munoz","12":"product_tag-iglesia-palabra-pura","14":"first","15":"instock","16":"downloadable","17":"virtual","18":"purchasable","19":"product-type-simple"},"_links":{"self":[{"href":"https:\/\/iglesiapalabrapura.com\/site\/wp-json\/wp\/v2\/product\/29847","targetHints":{"allow":["GET"]}}],"collection":[{"href":"https:\/\/iglesiapalabrapura.com\/site\/wp-json\/wp\/v2\/product"}],"about":[{"href":"https:\/\/iglesiapalabrapura.com\/site\/wp-json\/wp\/v2\/types\/product"}],"replies":[{"embeddable":true,"href":"https:\/\/iglesiapalabrapura.com\/site\/wp-json\/wp\/v2\/comments?post=29847"}],"wp:featuredmedia":[{"embeddable":true,"href":"https:\/\/iglesiapalabrapura.com\/site\/wp-json\/wp\/v2\/media\/29846"}],"wp:attachment":[{"href":"https:\/\/iglesiapalabrapura.com\/site\/wp-json\/wp\/v2\/media?parent=29847"}],"wp:term":[{"taxonomy":"product_cat","embeddable":true,"href":"https:\/\/iglesiapalabrapura.com\/site\/wp-json\/wp\/v2\/product_cat?post=29847"},{"taxonomy":"product_tag","embeddable":true,"href":"https:\/\/iglesiapalabrapura.com\/site\/wp-json\/wp\/v2\/product_tag?post=29847"}],"curies":[{"name":"wp","href":"https:\/\/api.w.org\/{rel}","templated":true}]}}