{"id":29851,"date":"2022-05-03T17:50:41","date_gmt":"2022-05-03T22:50:41","guid":{"rendered":"https:\/\/iglesiapalabrapura.com\/site\/?post_type=product&#038;p=29851"},"modified":"2025-06-20T15:18:53","modified_gmt":"2025-06-20T20:18:53","slug":"cristianos-eficaces-y-eficientes","status":"publish","type":"product","link":"https:\/\/iglesiapalabrapura.com\/site\/product\/cristianos-eficaces-y-eficientes\/","title":{"rendered":"Cristianos Eficaces y Eficientes"},"content":{"rendered":"","protected":false},"excerpt":{"rendered":"<p>Dios a cada persona dio dones, talentos y habilidades los cuales debes ser usados con sabidur\u00eda y al servicio de Dios en beneficio de los dem\u00e1s. La Palabra misma nos instruye de qu\u00e9 manera podemos ser eficientes y eficaces con aquello que se nos dio, eso implica tener una estrecha relaci\u00f3n con Dios y crecer en el conocimiento de las Escrituras, s\u00f3lo as\u00ed daremos buenos resultados en el lugar en que estemos.<\/p>\n<p>Ense\u00f1anza del a\u00f1o 2022<\/p>\n","protected":false},"featured_media":29854,"comment_status":"open","ping_status":"closed","template":"","meta":[],"product_cat":[52,1182,1197],"product_tag":[302,123,116,246],"class_list":{"0":"post-29851","1":"product","2":"type-product","3":"status-publish","4":"has-post-thumbnail","6":"product_cat-audioensenanza","7":"product_cat-por-autor-audioensenanza","8":"product_cat-william-sanclemente","9":"product_tag-cristianos-eficaces-y-eficientes","10":"product_tag-ensenanza","11":"product_tag-iglesia-palabra-pura","12":"product_tag-william-sanclemente","14":"first","15":"instock","16":"downloadable","17":"virtual","18":"purchasable","19":"product-type-simple"},"_links":{"self":[{"href":"https:\/\/iglesiapalabrapura.com\/site\/wp-json\/wp\/v2\/product\/29851","targetHints":{"allow":["GET"]}}],"collection":[{"href":"https:\/\/iglesiapalabrapura.com\/site\/wp-json\/wp\/v2\/product"}],"about":[{"href":"https:\/\/iglesiapalabrapura.com\/site\/wp-json\/wp\/v2\/types\/product"}],"replies":[{"embeddable":true,"href":"https:\/\/iglesiapalabrapura.com\/site\/wp-json\/wp\/v2\/comments?post=29851"}],"wp:featuredmedia":[{"embeddable":true,"href":"https:\/\/iglesiapalabrapura.com\/site\/wp-json\/wp\/v2\/media\/29854"}],"wp:attachment":[{"href":"https:\/\/iglesiapalabrapura.com\/site\/wp-json\/wp\/v2\/media?parent=29851"}],"wp:term":[{"taxonomy":"product_cat","embeddable":true,"href":"https:\/\/iglesiapalabrapura.com\/site\/wp-json\/wp\/v2\/product_cat?post=29851"},{"taxonomy":"product_tag","embeddable":true,"href":"https:\/\/iglesiapalabrapura.com\/site\/wp-json\/wp\/v2\/product_tag?post=29851"}],"curies":[{"name":"wp","href":"https:\/\/api.w.org\/{rel}","templated":true}]}}