{"id":29863,"date":"2022-05-03T18:26:26","date_gmt":"2022-05-03T23:26:26","guid":{"rendered":"https:\/\/iglesiapalabrapura.com\/site\/?post_type=product&#038;p=29863"},"modified":"2025-06-20T15:18:18","modified_gmt":"2025-06-20T20:18:18","slug":"no-mas-solo-creamos-serie","status":"publish","type":"product","link":"https:\/\/iglesiapalabrapura.com\/site\/product\/no-mas-solo-creamos-serie\/","title":{"rendered":"\u00a1No M\u00e1s! Solo Creamos (Serie)"},"content":{"rendered":"","protected":false},"excerpt":{"rendered":"<p>El pastor Rafael Lemes en esta serie, abre su coraz\u00f3n a la congregaci\u00f3n, para ense\u00f1arnos la importancia de la disciplina en cualquier proceso de la vida, y c\u00f3mo todo lo sucedido desde el 2020 lo llevo a realizar cambios que no ten\u00eda previstos que lo llevaron a tener que vencer la frustraci\u00f3n; y en este proceso entendi\u00f3 que a veces el exceso de informaci\u00f3n que el mundo arroja crea una batalla interna que roba tu energ\u00eda. Todo lo que necesitamos est\u00e1 en la Palabra para avanzar a pesar de las circunstancias.<\/p>\n<p>Ense\u00f1anza del a\u00f1o 2022<\/p>\n","protected":false},"featured_media":29859,"comment_status":"open","ping_status":"closed","template":"","meta":[],"product_cat":[52,1182,840],"product_tag":[305,116,65,120],"class_list":{"0":"post-29863","1":"product","2":"type-product","3":"status-publish","4":"has-post-thumbnail","6":"product_cat-audioensenanza","7":"product_cat-por-autor-audioensenanza","8":"product_cat-rafael-lemes","9":"product_tag-no-mas-solo-creamos","10":"product_tag-iglesia-palabra-pura","11":"product_tag-pastor-rafael-lemes","12":"product_tag-serie","14":"first","15":"instock","16":"downloadable","17":"virtual","18":"purchasable","19":"product-type-simple"},"_links":{"self":[{"href":"https:\/\/iglesiapalabrapura.com\/site\/wp-json\/wp\/v2\/product\/29863","targetHints":{"allow":["GET"]}}],"collection":[{"href":"https:\/\/iglesiapalabrapura.com\/site\/wp-json\/wp\/v2\/product"}],"about":[{"href":"https:\/\/iglesiapalabrapura.com\/site\/wp-json\/wp\/v2\/types\/product"}],"replies":[{"embeddable":true,"href":"https:\/\/iglesiapalabrapura.com\/site\/wp-json\/wp\/v2\/comments?post=29863"}],"wp:featuredmedia":[{"embeddable":true,"href":"https:\/\/iglesiapalabrapura.com\/site\/wp-json\/wp\/v2\/media\/29859"}],"wp:attachment":[{"href":"https:\/\/iglesiapalabrapura.com\/site\/wp-json\/wp\/v2\/media?parent=29863"}],"wp:term":[{"taxonomy":"product_cat","embeddable":true,"href":"https:\/\/iglesiapalabrapura.com\/site\/wp-json\/wp\/v2\/product_cat?post=29863"},{"taxonomy":"product_tag","embeddable":true,"href":"https:\/\/iglesiapalabrapura.com\/site\/wp-json\/wp\/v2\/product_tag?post=29863"}],"curies":[{"name":"wp","href":"https:\/\/api.w.org\/{rel}","templated":true}]}}