{"id":29870,"date":"2022-05-03T18:42:57","date_gmt":"2022-05-03T23:42:57","guid":{"rendered":"https:\/\/iglesiapalabrapura.com\/site\/?post_type=product&#038;p=29870"},"modified":"2025-10-17T11:52:03","modified_gmt":"2025-10-17T16:52:03","slug":"el-nombre-de-jesus","status":"publish","type":"product","link":"https:\/\/iglesiapalabrapura.com\/site\/product\/el-nombre-de-jesus\/","title":{"rendered":"El Nombre de Jes\u00fas"},"content":{"rendered":"","protected":false},"excerpt":{"rendered":"<p>El nombre m\u00e1s conocido, mencionado y controversial de la historia. Aqu\u00ed el creyente y el no creyente podr\u00e1n encontrar respuesta al significado y trascendencia de quien constituye el origen de todo lo que conocemos, lo que percibimos y lo que no. Una mirada profunda al nombre que le da sentido a este vasto universo.<\/p>\n","protected":false},"featured_media":29871,"comment_status":"open","ping_status":"closed","template":"","meta":[],"product_cat":[1168,839,54,1171,1158],"product_tag":[309,71,69],"class_list":{"0":"post-29870","1":"product","2":"type-product","3":"status-publish","4":"has-post-thumbnail","6":"product_cat-espiritu-santo","7":"product_cat-kenneth-hagin","8":"product_cat-libros","9":"product_cat-por-autor","10":"product_cat-por-temas","11":"product_tag-el-nombre-de-jesus","12":"product_tag-kenneth-e-hagin","13":"product_tag-libro","15":"first","16":"instock","17":"shipping-taxable","18":"purchasable","19":"product-type-simple"},"_links":{"self":[{"href":"https:\/\/iglesiapalabrapura.com\/site\/wp-json\/wp\/v2\/product\/29870","targetHints":{"allow":["GET"]}}],"collection":[{"href":"https:\/\/iglesiapalabrapura.com\/site\/wp-json\/wp\/v2\/product"}],"about":[{"href":"https:\/\/iglesiapalabrapura.com\/site\/wp-json\/wp\/v2\/types\/product"}],"replies":[{"embeddable":true,"href":"https:\/\/iglesiapalabrapura.com\/site\/wp-json\/wp\/v2\/comments?post=29870"}],"wp:featuredmedia":[{"embeddable":true,"href":"https:\/\/iglesiapalabrapura.com\/site\/wp-json\/wp\/v2\/media\/29871"}],"wp:attachment":[{"href":"https:\/\/iglesiapalabrapura.com\/site\/wp-json\/wp\/v2\/media?parent=29870"}],"wp:term":[{"taxonomy":"product_cat","embeddable":true,"href":"https:\/\/iglesiapalabrapura.com\/site\/wp-json\/wp\/v2\/product_cat?post=29870"},{"taxonomy":"product_tag","embeddable":true,"href":"https:\/\/iglesiapalabrapura.com\/site\/wp-json\/wp\/v2\/product_tag?post=29870"}],"curies":[{"name":"wp","href":"https:\/\/api.w.org\/{rel}","templated":true}]}}