{"id":29872,"date":"2022-05-03T18:50:08","date_gmt":"2022-05-03T23:50:08","guid":{"rendered":"https:\/\/iglesiapalabrapura.com\/site\/?post_type=product&#038;p=29872"},"modified":"2025-10-17T11:52:33","modified_gmt":"2025-10-17T16:52:33","slug":"el-espiritu-dentro-y-el-espiritu-sobre","status":"publish","type":"product","link":"https:\/\/iglesiapalabrapura.com\/site\/product\/el-espiritu-dentro-y-el-espiritu-sobre\/","title":{"rendered":"El Esp\u00edritu Dentro y El Esp\u00edritu Sobre"},"content":{"rendered":"","protected":false},"excerpt":{"rendered":"<p class=\"p1\">El Esp\u00edritu Santo de la promesa trae consigo todo lo que el hombre requiere para transitar por esta vida con un car\u00e1cter firme y poder para realizar lo que Dios le ha mandado hacer y solo a trav\u00e9s de la comuni\u00f3n con El mantendremos activa su presencia.<\/p>\n","protected":false},"featured_media":29873,"comment_status":"open","ping_status":"closed","template":"","meta":[],"product_cat":[839,54],"product_tag":[310,71,69],"class_list":{"0":"post-29872","1":"product","2":"type-product","3":"status-publish","4":"has-post-thumbnail","6":"product_cat-kenneth-hagin","7":"product_cat-libros","8":"product_tag-el-espiritu-dentro-y-el-espiritu-sobre","9":"product_tag-kenneth-e-hagin","10":"product_tag-libro","12":"first","13":"instock","14":"shipping-taxable","15":"purchasable","16":"product-type-simple"},"_links":{"self":[{"href":"https:\/\/iglesiapalabrapura.com\/site\/wp-json\/wp\/v2\/product\/29872","targetHints":{"allow":["GET"]}}],"collection":[{"href":"https:\/\/iglesiapalabrapura.com\/site\/wp-json\/wp\/v2\/product"}],"about":[{"href":"https:\/\/iglesiapalabrapura.com\/site\/wp-json\/wp\/v2\/types\/product"}],"replies":[{"embeddable":true,"href":"https:\/\/iglesiapalabrapura.com\/site\/wp-json\/wp\/v2\/comments?post=29872"}],"wp:featuredmedia":[{"embeddable":true,"href":"https:\/\/iglesiapalabrapura.com\/site\/wp-json\/wp\/v2\/media\/29873"}],"wp:attachment":[{"href":"https:\/\/iglesiapalabrapura.com\/site\/wp-json\/wp\/v2\/media?parent=29872"}],"wp:term":[{"taxonomy":"product_cat","embeddable":true,"href":"https:\/\/iglesiapalabrapura.com\/site\/wp-json\/wp\/v2\/product_cat?post=29872"},{"taxonomy":"product_tag","embeddable":true,"href":"https:\/\/iglesiapalabrapura.com\/site\/wp-json\/wp\/v2\/product_tag?post=29872"}],"curies":[{"name":"wp","href":"https:\/\/api.w.org\/{rel}","templated":true}]}}