{"id":29903,"date":"2022-05-04T10:05:54","date_gmt":"2022-05-04T15:05:54","guid":{"rendered":"https:\/\/iglesiapalabrapura.com\/site\/?post_type=product&#038;p=29903"},"modified":"2025-10-17T11:14:13","modified_gmt":"2025-10-17T16:14:13","slug":"planes-propositos-y-ejecuciones","status":"publish","type":"product","link":"https:\/\/iglesiapalabrapura.com\/site\/product\/planes-propositos-y-ejecuciones\/","title":{"rendered":"Planes, Prop\u00f3sitos y Ejecuciones"},"content":{"rendered":"","protected":false},"excerpt":{"rendered":"<p>En este impactante libro, el autor Kenneth E. Hagin asegura que, en una visitaci\u00f3n de Jes\u00fas a su vida, \u00e9l le dijo: \u00a8Yo bendigo a mi pueblo hasta d\u00f3nde puedo, pero la raz\u00f3n por la cual no est\u00e1 el mover de Dios y la profundidad del fluir del Esp\u00edritu, y la plenitud de la manifestaci\u00f3n del Esp\u00edritu Santo hoy, es porque los hombres no apartan tiempo para o\u00edr de M\u00ed Y no toman tiempo para seguir Mi plan expuesto en las Escrituras. Mientras m\u00e1s cerca sigas Mi plan, Mi poder estar\u00e1 en mayor demostraci\u00f3n y manifestaci\u00f3n\u00a8<\/p>\n","protected":false},"featured_media":29904,"comment_status":"open","ping_status":"closed","template":"","meta":[],"product_cat":[1168,839,54,1171,1158,1159],"product_tag":[71,69,324],"class_list":{"0":"post-29903","1":"product","2":"type-product","3":"status-publish","4":"has-post-thumbnail","6":"product_cat-espiritu-santo","7":"product_cat-kenneth-hagin","8":"product_cat-libros","9":"product_cat-por-autor","10":"product_cat-por-temas","11":"product_cat-vida-cristiana","12":"product_tag-kenneth-e-hagin","13":"product_tag-libro","14":"product_tag-planes-propositos-y-ejecuciones","16":"first","17":"instock","18":"shipping-taxable","19":"purchasable","20":"product-type-simple"},"_links":{"self":[{"href":"https:\/\/iglesiapalabrapura.com\/site\/wp-json\/wp\/v2\/product\/29903","targetHints":{"allow":["GET"]}}],"collection":[{"href":"https:\/\/iglesiapalabrapura.com\/site\/wp-json\/wp\/v2\/product"}],"about":[{"href":"https:\/\/iglesiapalabrapura.com\/site\/wp-json\/wp\/v2\/types\/product"}],"replies":[{"embeddable":true,"href":"https:\/\/iglesiapalabrapura.com\/site\/wp-json\/wp\/v2\/comments?post=29903"}],"wp:featuredmedia":[{"embeddable":true,"href":"https:\/\/iglesiapalabrapura.com\/site\/wp-json\/wp\/v2\/media\/29904"}],"wp:attachment":[{"href":"https:\/\/iglesiapalabrapura.com\/site\/wp-json\/wp\/v2\/media?parent=29903"}],"wp:term":[{"taxonomy":"product_cat","embeddable":true,"href":"https:\/\/iglesiapalabrapura.com\/site\/wp-json\/wp\/v2\/product_cat?post=29903"},{"taxonomy":"product_tag","embeddable":true,"href":"https:\/\/iglesiapalabrapura.com\/site\/wp-json\/wp\/v2\/product_tag?post=29903"}],"curies":[{"name":"wp","href":"https:\/\/api.w.org\/{rel}","templated":true}]}}