{"id":29911,"date":"2022-05-04T10:12:09","date_gmt":"2022-05-04T15:12:09","guid":{"rendered":"https:\/\/iglesiapalabrapura.com\/site\/?post_type=product&#038;p=29911"},"modified":"2026-04-01T16:20:55","modified_gmt":"2026-04-01T21:20:55","slug":"los-cinco-lenguajes-del-amor-jovenes","status":"publish","type":"product","link":"https:\/\/iglesiapalabrapura.com\/site\/product\/los-cinco-lenguajes-del-amor-jovenes\/","title":{"rendered":"Los Cinco Lenguajes del Amor de los J\u00f3venes"},"content":{"rendered":"","protected":false},"excerpt":{"rendered":"<p>\u00bfA qui\u00e9n escucha tu adolescente?<\/p>\n<p>A los j\u00f3venes de hoy los bombardean con mensajes de sus amigos, la internet, la m\u00fasica, las pel\u00edculas\u2026 la lista es interminable. Como padres, quiz\u00e1 se pregunten si sus palabras, despu\u00e9s de todo, significan algo. De ser as\u00ed, an\u00edmate: todas las investigaciones indican que la influencia m\u00e1s importante en la vida de un joven viene de sus padres . Si \u2026 \u00a1los padres!<\/p>\n","protected":false},"featured_media":29915,"comment_status":"open","ping_status":"closed","template":"","meta":[],"product_cat":[843,54,1159],"product_tag":[101,69,325],"class_list":{"0":"post-29911","1":"product","2":"type-product","3":"status-publish","4":"has-post-thumbnail","6":"product_cat-garychapman","7":"product_cat-libros","8":"product_cat-vida-cristiana","9":"product_tag-gary-chapman","10":"product_tag-libro","11":"product_tag-los-cinco-lenguajes-del-amor-jovenes","13":"first","14":"instock","15":"shipping-taxable","16":"purchasable","17":"product-type-simple"},"_links":{"self":[{"href":"https:\/\/iglesiapalabrapura.com\/site\/wp-json\/wp\/v2\/product\/29911","targetHints":{"allow":["GET"]}}],"collection":[{"href":"https:\/\/iglesiapalabrapura.com\/site\/wp-json\/wp\/v2\/product"}],"about":[{"href":"https:\/\/iglesiapalabrapura.com\/site\/wp-json\/wp\/v2\/types\/product"}],"replies":[{"embeddable":true,"href":"https:\/\/iglesiapalabrapura.com\/site\/wp-json\/wp\/v2\/comments?post=29911"}],"wp:featuredmedia":[{"embeddable":true,"href":"https:\/\/iglesiapalabrapura.com\/site\/wp-json\/wp\/v2\/media\/29915"}],"wp:attachment":[{"href":"https:\/\/iglesiapalabrapura.com\/site\/wp-json\/wp\/v2\/media?parent=29911"}],"wp:term":[{"taxonomy":"product_cat","embeddable":true,"href":"https:\/\/iglesiapalabrapura.com\/site\/wp-json\/wp\/v2\/product_cat?post=29911"},{"taxonomy":"product_tag","embeddable":true,"href":"https:\/\/iglesiapalabrapura.com\/site\/wp-json\/wp\/v2\/product_tag?post=29911"}],"curies":[{"name":"wp","href":"https:\/\/api.w.org\/{rel}","templated":true}]}}