{"id":29996,"date":"2022-05-04T10:57:02","date_gmt":"2022-05-04T15:57:02","guid":{"rendered":"https:\/\/iglesiapalabrapura.com\/site\/?post_type=product&#038;p=29996"},"modified":"2025-06-20T15:17:45","modified_gmt":"2025-06-20T20:17:45","slug":"como-enfrentar-los-ultimos-tiempos-sin-temor-serie","status":"publish","type":"product","link":"https:\/\/iglesiapalabrapura.com\/site\/product\/como-enfrentar-los-ultimos-tiempos-sin-temor-serie\/","title":{"rendered":"C\u00f3mo Enfrentar los \u00faltimos Tiempos sin Temor (Serie)"},"content":{"rendered":"","protected":false},"excerpt":{"rendered":"<p class=\"p1\"><span class=\"s1\">Muchos cristianos cuando escuchan acerca de que estamos en los \u00faltimos tiempos sienten temor, pero por el contrario, para los hijos de Dios este tema deber\u00eda ser motivo de gran alegr\u00eda. El Ap\u00f3stol Jhon Huizing estuvo en nuestra Iglesia ense\u00f1\u00e1ndonos, a trav\u00e9s de esta Serie de 3 partes, acerca del Rapto de la Iglesia y c\u00f3mo podemos enfrentar estos \u00faltimos tiempos sin temor.\u00a0<\/span><\/p>\n<p>Ense\u00f1anza del a\u00f1o 2016<\/p>\n","protected":false},"featured_media":29266,"comment_status":"open","ping_status":"closed","template":"","meta":[],"product_cat":[52,1189,1182],"product_tag":[148,116,337,120],"class_list":{"0":"post-29996","1":"product","2":"type-product","3":"status-publish","4":"has-post-thumbnail","6":"product_cat-audioensenanza","7":"product_cat-john-huizing","8":"product_cat-por-autor-audioensenanza","9":"product_tag-como-enfrentar-los-ultimos-tiempos-sin-temor","10":"product_tag-iglesia-palabra-pura","11":"product_tag-reverendo-jhon-huizing","12":"product_tag-serie","14":"first","15":"instock","16":"downloadable","17":"virtual","18":"purchasable","19":"product-type-simple"},"_links":{"self":[{"href":"https:\/\/iglesiapalabrapura.com\/site\/wp-json\/wp\/v2\/product\/29996","targetHints":{"allow":["GET"]}}],"collection":[{"href":"https:\/\/iglesiapalabrapura.com\/site\/wp-json\/wp\/v2\/product"}],"about":[{"href":"https:\/\/iglesiapalabrapura.com\/site\/wp-json\/wp\/v2\/types\/product"}],"replies":[{"embeddable":true,"href":"https:\/\/iglesiapalabrapura.com\/site\/wp-json\/wp\/v2\/comments?post=29996"}],"wp:featuredmedia":[{"embeddable":true,"href":"https:\/\/iglesiapalabrapura.com\/site\/wp-json\/wp\/v2\/media\/29266"}],"wp:attachment":[{"href":"https:\/\/iglesiapalabrapura.com\/site\/wp-json\/wp\/v2\/media?parent=29996"}],"wp:term":[{"taxonomy":"product_cat","embeddable":true,"href":"https:\/\/iglesiapalabrapura.com\/site\/wp-json\/wp\/v2\/product_cat?post=29996"},{"taxonomy":"product_tag","embeddable":true,"href":"https:\/\/iglesiapalabrapura.com\/site\/wp-json\/wp\/v2\/product_tag?post=29996"}],"curies":[{"name":"wp","href":"https:\/\/api.w.org\/{rel}","templated":true}]}}