{"id":29998,"date":"2022-05-04T10:58:47","date_gmt":"2022-05-04T15:58:47","guid":{"rendered":"https:\/\/iglesiapalabrapura.com\/site\/?post_type=product&#038;p=29998"},"modified":"2026-04-01T16:20:01","modified_gmt":"2026-04-01T21:20:01","slug":"los-cinco-lenguajes-del-amor-ninos","status":"publish","type":"product","link":"https:\/\/iglesiapalabrapura.com\/site\/product\/los-cinco-lenguajes-del-amor-ninos\/","title":{"rendered":"Los Cinco Lenguajes del Amor Ni\u00f1os"},"content":{"rendered":"","protected":false},"excerpt":{"rendered":"<div id=\"ctl00_ucPDTabs_ctl00_fs\" class=\"ProductDetailGroup\">\n<div id=\"ctl00_ucPDTabs_ctl01_fs\" class=\"ProductDetailGroup\">DESCUBRE COMO HABLAR EL LENGUAJE DE AMOR DE TUS NI\u00d1OS, Y HACERLOS SENTIR AMADOS DE UNA MANERA QUE ELLOS COMPRENDAN<br \/>\nDescubre c\u00f3mo hablar el leguaje de amor de tus ni\u00f1os, y hacerlos sentir amados de una manera que ellos comprendan. En este libro, el Dr. Gary Chapman y el Dr. Ross Campbell te ayudar\u00e1n a: Descubrir el lenguaje del amor de tu ni\u00f1o, comprender la relaci\u00f3n entre el \u00e9xito del aprendizaje y los lenguajes del amor, ver c\u00f3mo los lenguajes del amor pueden ayudarte a disciplinar con m\u00e1s eficiencia y a desarrollar un cimiento de amor incondicional por tu ni\u00f1o. Adem\u00e1s, \u00a1encontrar\u00e1s muchos consejos sobre maneras pr\u00e1cticas de hablar el lenguaje del amor de tu ni\u00f1o!<\/div>\n<\/div>\n","protected":false},"featured_media":30002,"comment_status":"open","ping_status":"closed","template":"","meta":[],"product_cat":[843,54,1159],"product_tag":[101,69,338,339],"class_list":{"0":"post-29998","1":"product","2":"type-product","3":"status-publish","4":"has-post-thumbnail","6":"product_cat-garychapman","7":"product_cat-libros","8":"product_cat-vida-cristiana","9":"product_tag-gary-chapman","10":"product_tag-libro","11":"product_tag-los-cinco-lenguajes-del-amor-ninos","12":"product_tag-ross-campbell","14":"first","15":"instock","16":"shipping-taxable","17":"purchasable","18":"product-type-simple"},"_links":{"self":[{"href":"https:\/\/iglesiapalabrapura.com\/site\/wp-json\/wp\/v2\/product\/29998","targetHints":{"allow":["GET"]}}],"collection":[{"href":"https:\/\/iglesiapalabrapura.com\/site\/wp-json\/wp\/v2\/product"}],"about":[{"href":"https:\/\/iglesiapalabrapura.com\/site\/wp-json\/wp\/v2\/types\/product"}],"replies":[{"embeddable":true,"href":"https:\/\/iglesiapalabrapura.com\/site\/wp-json\/wp\/v2\/comments?post=29998"}],"wp:featuredmedia":[{"embeddable":true,"href":"https:\/\/iglesiapalabrapura.com\/site\/wp-json\/wp\/v2\/media\/30002"}],"wp:attachment":[{"href":"https:\/\/iglesiapalabrapura.com\/site\/wp-json\/wp\/v2\/media?parent=29998"}],"wp:term":[{"taxonomy":"product_cat","embeddable":true,"href":"https:\/\/iglesiapalabrapura.com\/site\/wp-json\/wp\/v2\/product_cat?post=29998"},{"taxonomy":"product_tag","embeddable":true,"href":"https:\/\/iglesiapalabrapura.com\/site\/wp-json\/wp\/v2\/product_tag?post=29998"}],"curies":[{"name":"wp","href":"https:\/\/api.w.org\/{rel}","templated":true}]}}