{"id":30091,"date":"2022-05-04T11:32:18","date_gmt":"2022-05-04T16:32:18","guid":{"rendered":"https:\/\/iglesiapalabrapura.com\/site\/?post_type=product&#038;p=30091"},"modified":"2025-06-20T15:17:11","modified_gmt":"2025-06-20T20:17:11","slug":"la-generosidad-serie","status":"publish","type":"product","link":"https:\/\/iglesiapalabrapura.com\/site\/product\/la-generosidad-serie\/","title":{"rendered":"La Generosidad (Serie)"},"content":{"rendered":"","protected":false},"excerpt":{"rendered":"<p class=\"p1\"><span class=\"s1\">Nuestro Pastor Rafael Lemes nos ense\u00f1a qu\u00e9 es la generosidad y por qu\u00e9 los cristianos debemos ser generosos. Serie de 2 Partes.<\/span><\/p>\n<p>Ense\u00f1anza del a\u00f1o 2018<\/p>\n","protected":false},"featured_media":29199,"comment_status":"open","ping_status":"closed","template":"","meta":[],"product_cat":[52,1182,840],"product_tag":[116,137,65,120],"class_list":{"0":"post-30091","1":"product","2":"type-product","3":"status-publish","4":"has-post-thumbnail","6":"product_cat-audioensenanza","7":"product_cat-por-autor-audioensenanza","8":"product_cat-rafael-lemes","9":"product_tag-iglesia-palabra-pura","10":"product_tag-la-generosidad","11":"product_tag-pastor-rafael-lemes","12":"product_tag-serie","14":"first","15":"instock","16":"downloadable","17":"virtual","18":"purchasable","19":"product-type-simple"},"_links":{"self":[{"href":"https:\/\/iglesiapalabrapura.com\/site\/wp-json\/wp\/v2\/product\/30091","targetHints":{"allow":["GET"]}}],"collection":[{"href":"https:\/\/iglesiapalabrapura.com\/site\/wp-json\/wp\/v2\/product"}],"about":[{"href":"https:\/\/iglesiapalabrapura.com\/site\/wp-json\/wp\/v2\/types\/product"}],"replies":[{"embeddable":true,"href":"https:\/\/iglesiapalabrapura.com\/site\/wp-json\/wp\/v2\/comments?post=30091"}],"wp:featuredmedia":[{"embeddable":true,"href":"https:\/\/iglesiapalabrapura.com\/site\/wp-json\/wp\/v2\/media\/29199"}],"wp:attachment":[{"href":"https:\/\/iglesiapalabrapura.com\/site\/wp-json\/wp\/v2\/media?parent=30091"}],"wp:term":[{"taxonomy":"product_cat","embeddable":true,"href":"https:\/\/iglesiapalabrapura.com\/site\/wp-json\/wp\/v2\/product_cat?post=30091"},{"taxonomy":"product_tag","embeddable":true,"href":"https:\/\/iglesiapalabrapura.com\/site\/wp-json\/wp\/v2\/product_tag?post=30091"}],"curies":[{"name":"wp","href":"https:\/\/api.w.org\/{rel}","templated":true}]}}