{"id":30325,"date":"2022-05-04T16:29:08","date_gmt":"2022-05-04T21:29:08","guid":{"rendered":"https:\/\/iglesiapalabrapura.com\/site\/?post_type=product&#038;p=30325"},"modified":"2025-06-20T14:24:09","modified_gmt":"2025-06-20T19:24:09","slug":"la-administracion-de-las-finanzas-e-book","status":"publish","type":"product","link":"https:\/\/iglesiapalabrapura.com\/site\/product\/la-administracion-de-las-finanzas-e-book\/","title":{"rendered":"La Administraci\u00f3n de las Finanzas E-book"},"content":{"rendered":"","protected":false},"excerpt":{"rendered":"<p>La Biblia habla m\u00e1s de las finanzas que de muchas otras doctrinas B\u00edblicas trascendentales como el cielo y el infierno o la fe y la oraci\u00f3n.<\/p>\n<p>Muchos malinterpretan la administraci\u00f3n de las finanzas. Cuando leen o escuchan esa palabra piensan en una labor ardua o en la obligaci\u00f3n. De hecho, la verdad es lo opuesto. Como ya aprender\u00e1s, verte a ti mismo como un administrador de los recursos de Dios es el \u00fanico camino para llegar a la verdadera libertad en el \u00e1rea de las finanzas.<\/p>\n<p>En este libro trascendental Andrew habla de muchas de las cuestiones delicadas relacionadas con el dinero. \u00c9l explica la administraci\u00f3n santa, los primeros pasos hacia la prosperidad financiera, la par\u00e1bola del mayordomo sagaz, las perspectivas correctas e incorrectas del diezmo y mucho m\u00e1s.<\/p>\n<p>La Biblia habla m\u00e1s de las finanzas que de muchas otras doctrinas B\u00edblicas trascendentales como el cielo y el infierno o la fe y la oraci\u00f3n. Jesucristo us\u00f3 las finanzas y la actitud de la gente en cuanto al dinero para revelar la actitud de sus corazones. Sin embargo, \u00c9l dijo que confiar en Dios en el \u00e1rea de las finanzas es el uso m\u00e1s elemental de tu fe. Es importante entender por qu\u00e9.<\/p>\n<p>La verdadera prosperidad B\u00edblica no es ego\u00edsta. No es para ti, es para que t\u00fa puedas bendecir a otros. Si te has sentido confundido o inseguro en cuanto a la funci\u00f3n que el dinero debe desempe\u00f1ar en tu vida, este libro es para ti.<\/p>\n","protected":false},"featured_media":29073,"comment_status":"open","ping_status":"closed","template":"","meta":[],"product_cat":[892,1203,63,1177,1202],"product_tag":[75,151,90],"class_list":{"0":"post-30325","1":"product","2":"type-product","3":"status-publish","4":"has-post-thumbnail","6":"product_cat-andrewwommack-e-book","7":"product_cat-doctrina","8":"product_cat-e-book","9":"product_cat-por-autor-e-book","10":"product_cat-por-tema-e-book","11":"product_tag-andrew-wommack","12":"product_tag-ebook","13":"product_tag-la-administracion-de-las-finanzas","15":"first","16":"instock","17":"downloadable","18":"virtual","19":"purchasable","20":"product-type-simple"},"_links":{"self":[{"href":"https:\/\/iglesiapalabrapura.com\/site\/wp-json\/wp\/v2\/product\/30325","targetHints":{"allow":["GET"]}}],"collection":[{"href":"https:\/\/iglesiapalabrapura.com\/site\/wp-json\/wp\/v2\/product"}],"about":[{"href":"https:\/\/iglesiapalabrapura.com\/site\/wp-json\/wp\/v2\/types\/product"}],"replies":[{"embeddable":true,"href":"https:\/\/iglesiapalabrapura.com\/site\/wp-json\/wp\/v2\/comments?post=30325"}],"wp:featuredmedia":[{"embeddable":true,"href":"https:\/\/iglesiapalabrapura.com\/site\/wp-json\/wp\/v2\/media\/29073"}],"wp:attachment":[{"href":"https:\/\/iglesiapalabrapura.com\/site\/wp-json\/wp\/v2\/media?parent=30325"}],"wp:term":[{"taxonomy":"product_cat","embeddable":true,"href":"https:\/\/iglesiapalabrapura.com\/site\/wp-json\/wp\/v2\/product_cat?post=30325"},{"taxonomy":"product_tag","embeddable":true,"href":"https:\/\/iglesiapalabrapura.com\/site\/wp-json\/wp\/v2\/product_tag?post=30325"}],"curies":[{"name":"wp","href":"https:\/\/api.w.org\/{rel}","templated":true}]}}