{"id":30331,"date":"2022-05-04T16:45:05","date_gmt":"2022-05-04T21:45:05","guid":{"rendered":"https:\/\/iglesiapalabrapura.com\/site\/?post_type=product&#038;p=30331"},"modified":"2025-10-17T11:26:45","modified_gmt":"2025-10-17T16:26:45","slug":"lecciones-de-la-vida-de-elias","status":"publish","type":"product","link":"https:\/\/iglesiapalabrapura.com\/site\/product\/lecciones-de-la-vida-de-elias\/","title":{"rendered":"Lecciones de la Vida de El\u00edas"},"content":{"rendered":"","protected":false},"excerpt":{"rendered":"<p>Aprender por medio de la experiencia personal definitivamente ejerce una influencia, pero en algunas ocasiones, \u00bfno es mejor aprender de los \u00e9xitos y los fracasos de otras personas? La Escritura nos dice que aquellos que nos precedieron son ejemplos para nosotros (1 Corintios 10:6 y 11), dando por hecho que podemos aprender lo que debemos hacer \u2014y lo que no debemos hacer. Pocos personajes nos ofrecen las lecciones que El\u00edas ofrece.<\/p>\n<p>\u00bfEst\u00e1s buscando la provisi\u00f3n de Dios? El\u00edas lidi\u00f3 con eso. \u00bfEst\u00e1s tratando de tener fe en Dios cuando todo en el \u00e1mbito natural est\u00e1 en tu contra? El\u00edas tambi\u00e9n lo hizo. \u00bfEst\u00e1s batallando porque sientes l\u00e1stima por ti mismo? El\u00edas tambi\u00e9n enfrent\u00f3 eso. El ministerio de El\u00edas no dur\u00f3 mucho tiempo, pero est\u00e1 lleno de lecciones para la vida que podemos usar hoy.<\/p>\n<p>Quiz\u00e1 t\u00fa no crees que un profeta del Antiguo Testamento tenga algo que pueda ense\u00f1arte, pero no est\u00e9s tan seguro \u2014un hombre que fue trasladado al cielo en un torbellino con toda seguridad tiene algo que puede compartir. Analiza las maneras correctas \u2014e incorrectas\u2014 de servir a Dios, y aprende m\u00e1s sobre la manera como Dios honra a sus siervos. Este libro te ofrece las lecciones de la vida \u00a1sin los duros golpes!<\/p>\n","protected":false},"featured_media":29081,"comment_status":"open","ping_status":"closed","template":"","meta":[],"product_cat":[838,1160,54,1158],"product_tag":[75,95,69],"class_list":{"0":"post-30331","1":"product","2":"type-product","3":"status-publish","4":"has-post-thumbnail","6":"product_cat-andrewwommack","7":"product_cat-biografias","8":"product_cat-libros","9":"product_cat-por-temas","10":"product_tag-andrew-wommack","11":"product_tag-lecciones-de-la-vida-de-elias","12":"product_tag-libro","14":"first","15":"instock","16":"shipping-taxable","17":"purchasable","18":"product-type-simple"},"_links":{"self":[{"href":"https:\/\/iglesiapalabrapura.com\/site\/wp-json\/wp\/v2\/product\/30331","targetHints":{"allow":["GET"]}}],"collection":[{"href":"https:\/\/iglesiapalabrapura.com\/site\/wp-json\/wp\/v2\/product"}],"about":[{"href":"https:\/\/iglesiapalabrapura.com\/site\/wp-json\/wp\/v2\/types\/product"}],"replies":[{"embeddable":true,"href":"https:\/\/iglesiapalabrapura.com\/site\/wp-json\/wp\/v2\/comments?post=30331"}],"wp:featuredmedia":[{"embeddable":true,"href":"https:\/\/iglesiapalabrapura.com\/site\/wp-json\/wp\/v2\/media\/29081"}],"wp:attachment":[{"href":"https:\/\/iglesiapalabrapura.com\/site\/wp-json\/wp\/v2\/media?parent=30331"}],"wp:term":[{"taxonomy":"product_cat","embeddable":true,"href":"https:\/\/iglesiapalabrapura.com\/site\/wp-json\/wp\/v2\/product_cat?post=30331"},{"taxonomy":"product_tag","embeddable":true,"href":"https:\/\/iglesiapalabrapura.com\/site\/wp-json\/wp\/v2\/product_tag?post=30331"}],"curies":[{"name":"wp","href":"https:\/\/api.w.org\/{rel}","templated":true}]}}