{"id":30557,"date":"2022-05-05T14:09:15","date_gmt":"2022-05-05T19:09:15","guid":{"rendered":"https:\/\/iglesiapalabrapura.com\/site\/?post_type=product&#038;p=30557"},"modified":"2025-06-20T11:54:33","modified_gmt":"2025-06-20T16:54:33","slug":"biblia-se-un-super-heroe-para-ninos-tla","status":"publish","type":"product","link":"https:\/\/iglesiapalabrapura.com\/site\/product\/biblia-se-un-super-heroe-para-ninos-tla\/","title":{"rendered":"Biblia S\u00e9 un Super H\u00e9roe para Ni\u00f1os TLA"},"content":{"rendered":"","protected":false},"excerpt":{"rendered":"<p>Una Biblia en versi\u00f3n TLA (Traducci\u00f3n al Lenguaje Actual), que incluye todas las ayudas para que los ni\u00f1os aprendan a estudiar la Biblia por ellos mismos. Tambi\u00e9n contiene un plan de entrenamiento de 44 desaf\u00edos, para que los ni\u00f1os aprender\u00e1n que la Palabra de Dios es relevante para sus vidas y c\u00f3mo vivir de acuerdo a ella. Los desaf\u00edos son una excelente herramienta para que puedas discipular a tus hijos y hacerlos crecer en la fe.<\/p>\n<p>AYUDAS ESPECIALES:<br \/>\n\u2022 Desaf\u00edos relevantes<br \/>\nLos desaf\u00edos est\u00e1n dise\u00f1ados para que los ni\u00f1os entiendan que la finalidad del estudio de la Biblia no es adquirir conocimiento, sino obedecerla y vivir de acuerdo a ella. Cada desaf\u00edo est\u00e1 basado en la vida de un h\u00e9roe de la Biblia e implica una acci\u00f3n pr\u00e1ctica en el mundo real.<br \/>\n\u2022 App de seguimiento<br \/>\nIncluye acceso gratuito a la plataforma bibliaseunheroe.com, en la que podr\u00e1s registrar y hacer seguimiento al avance de cada h\u00e9roe; y tambi\u00e9n recibir un certificado digital para premiar su esfuerzo al completar los 44 desaf\u00edos.<br \/>\n\u2022 Traducci\u00f3n al Lenguaje Actual<br \/>\nLa TLA es ideal para ni\u00f1os que est\u00e1n dando sus primeros pasos en la lectura, porque utiliza un vocabulario de uso com\u00fan y estructuras gramaticales sencillas.<br \/>\n\u2022 Plan de Lectura<br \/>\nEste plan est\u00e1 dise\u00f1ado especialmente para ni\u00f1os. Tiene lecturas cortas para cada d\u00eda del a\u00f1o, para ayudar a los ni\u00f1os a establecer el h\u00e1bito de la lectura de la Palabra.<\/p>\n<p>CARACTER\u00cdSTICAS :<br \/>\n\u2022 1.530 p\u00e1ginas.<br \/>\n\u2022 66 libros ( 39 Antiguo Testamento + 27 Nuevo Testamento).<br \/>\n\u2022 Cinta separadora.<br \/>\n\u2022 Cubierta azul acolchada con terminado brillante<br \/>\n\u2022 Forro con cremallera.<br \/>\n\u2022 Traducci\u00f3n en Lenguaje Actual (TLA)<br \/>\n\u2022 Palabras de Jes\u00fas en Azul.<br \/>\n\u2022 18 cm de alto x 13 cm de ancho x 3 cm de grosor<\/p>\n","protected":false},"featured_media":30558,"comment_status":"open","ping_status":"closed","template":"","meta":[],"product_cat":[55,1153,264,1167,1158,1157],"product_tag":[191,422,204],"class_list":{"0":"post-30557","1":"product","2":"type-product","3":"status-publish","4":"has-post-thumbnail","6":"product_cat-biblias","7":"product_cat-biblias-por-version","8":"product_cat-infantil","9":"product_cat-ninos","10":"product_cat-por-temas","11":"product_cat-tla","12":"product_tag-biblia","13":"product_tag-biblia-se-un-super-heroe-para-ninos-tla","14":"product_tag-infantil","16":"first","17":"instock","18":"shipping-taxable","19":"purchasable","20":"product-type-simple"},"_links":{"self":[{"href":"https:\/\/iglesiapalabrapura.com\/site\/wp-json\/wp\/v2\/product\/30557","targetHints":{"allow":["GET"]}}],"collection":[{"href":"https:\/\/iglesiapalabrapura.com\/site\/wp-json\/wp\/v2\/product"}],"about":[{"href":"https:\/\/iglesiapalabrapura.com\/site\/wp-json\/wp\/v2\/types\/product"}],"replies":[{"embeddable":true,"href":"https:\/\/iglesiapalabrapura.com\/site\/wp-json\/wp\/v2\/comments?post=30557"}],"wp:featuredmedia":[{"embeddable":true,"href":"https:\/\/iglesiapalabrapura.com\/site\/wp-json\/wp\/v2\/media\/30558"}],"wp:attachment":[{"href":"https:\/\/iglesiapalabrapura.com\/site\/wp-json\/wp\/v2\/media?parent=30557"}],"wp:term":[{"taxonomy":"product_cat","embeddable":true,"href":"https:\/\/iglesiapalabrapura.com\/site\/wp-json\/wp\/v2\/product_cat?post=30557"},{"taxonomy":"product_tag","embeddable":true,"href":"https:\/\/iglesiapalabrapura.com\/site\/wp-json\/wp\/v2\/product_tag?post=30557"}],"curies":[{"name":"wp","href":"https:\/\/api.w.org\/{rel}","templated":true}]}}