{"id":31962,"date":"2022-07-28T14:38:36","date_gmt":"2022-07-28T19:38:36","guid":{"rendered":"https:\/\/iglesiapalabrapura.com\/site\/?post_type=product&#038;p=31962"},"modified":"2025-06-20T15:00:13","modified_gmt":"2025-06-20T20:00:13","slug":"el-reino-milenial-de-jesucristo","status":"publish","type":"product","link":"https:\/\/iglesiapalabrapura.com\/site\/product\/el-reino-milenial-de-jesucristo\/","title":{"rendered":"EL REINO MILENIAL DE JESUCRISTO (SERIE-VIDEO)"},"content":{"rendered":"","protected":false},"excerpt":{"rendered":"<p>Siempre hay gran expectativa sobre este tema; de c\u00f3mo ser\u00e1, cu\u00e1ndo suceder\u00e1 y qui\u00e9nes estar\u00e1n all\u00ed. La Pastora Adriana H. Lemes a trav\u00e9s de esta serie nos ense\u00f1a, no s\u00f3lo a dividir correctamente la Palabra en relaci\u00f3n a este fascinante tema, tambi\u00e9n nos aclara muchas dudas que tenemos al respecto. Una ense\u00f1anza que nos preparara para ese glorioso tiempo.<\/p>\n<p>Ense\u00f1anza del a\u00f1o 2022<\/p>\n","protected":false},"featured_media":29731,"comment_status":"open","ping_status":"closed","template":"","meta":[],"product_cat":[53,859,1181,1180,1186],"product_tag":[466,467,62,120],"class_list":{"0":"post-31962","1":"product","2":"type-product","3":"status-publish","4":"has-post-thumbnail","6":"product_cat-ensenanzavideo","7":"product_cat-adrianalemes-ensenanzavideo","8":"product_cat-por-autor-ensenanzavideo","9":"product_cat-por-tema","10":"product_cat-ultimos-tiempos","11":"product_tag-el-reino-milenia-de-jesucristo","12":"product_tag-ensenanzas","13":"product_tag-pastora-adriana-lemes","14":"product_tag-serie","16":"first","17":"instock","18":"downloadable","19":"virtual","20":"purchasable","21":"product-type-simple"},"_links":{"self":[{"href":"https:\/\/iglesiapalabrapura.com\/site\/wp-json\/wp\/v2\/product\/31962","targetHints":{"allow":["GET"]}}],"collection":[{"href":"https:\/\/iglesiapalabrapura.com\/site\/wp-json\/wp\/v2\/product"}],"about":[{"href":"https:\/\/iglesiapalabrapura.com\/site\/wp-json\/wp\/v2\/types\/product"}],"replies":[{"embeddable":true,"href":"https:\/\/iglesiapalabrapura.com\/site\/wp-json\/wp\/v2\/comments?post=31962"}],"wp:featuredmedia":[{"embeddable":true,"href":"https:\/\/iglesiapalabrapura.com\/site\/wp-json\/wp\/v2\/media\/29731"}],"wp:attachment":[{"href":"https:\/\/iglesiapalabrapura.com\/site\/wp-json\/wp\/v2\/media?parent=31962"}],"wp:term":[{"taxonomy":"product_cat","embeddable":true,"href":"https:\/\/iglesiapalabrapura.com\/site\/wp-json\/wp\/v2\/product_cat?post=31962"},{"taxonomy":"product_tag","embeddable":true,"href":"https:\/\/iglesiapalabrapura.com\/site\/wp-json\/wp\/v2\/product_tag?post=31962"}],"curies":[{"name":"wp","href":"https:\/\/api.w.org\/{rel}","templated":true}]}}