{"id":31965,"date":"2022-07-28T16:14:48","date_gmt":"2022-07-28T21:14:48","guid":{"rendered":"https:\/\/iglesiapalabrapura.com\/site\/?post_type=product&#038;p=31965"},"modified":"2025-06-20T15:06:45","modified_gmt":"2025-06-20T20:06:45","slug":"quien-es-satanas-serie-2","status":"publish","type":"product","link":"https:\/\/iglesiapalabrapura.com\/site\/product\/quien-es-satanas-serie-2\/","title":{"rendered":"\u00bfQUI\u00c9N ES SATAN\u00c1S? (SERIE-VIDEO)"},"content":{"rendered":"","protected":false},"excerpt":{"rendered":"<p class=\"p1\"><span class=\"s1\">Nuestra Pastora Adriana H. Lemes nos explica a trav\u00e9s de esta Serie qui\u00e9n es Satan\u00e1s, cu\u00e1l es su origen, porque fue expulsado del cielo y como influy\u00f3 en el ser humano.<\/span><\/p>\n<p>Ense\u00f1anza del a\u00f1o 2018<\/p>\n","protected":false},"featured_media":29193,"comment_status":"open","ping_status":"closed","template":"","meta":[],"product_cat":[53,859,1181],"product_tag":[136,467,62],"class_list":{"0":"post-31965","1":"product","2":"type-product","3":"status-publish","4":"has-post-thumbnail","6":"product_cat-ensenanzavideo","7":"product_cat-adrianalemes-ensenanzavideo","8":"product_cat-por-autor-ensenanzavideo","9":"product_tag-quien-es-satanas","10":"product_tag-ensenanzas","11":"product_tag-pastora-adriana-lemes","13":"first","14":"instock","15":"downloadable","16":"virtual","17":"purchasable","18":"product-type-simple"},"_links":{"self":[{"href":"https:\/\/iglesiapalabrapura.com\/site\/wp-json\/wp\/v2\/product\/31965","targetHints":{"allow":["GET"]}}],"collection":[{"href":"https:\/\/iglesiapalabrapura.com\/site\/wp-json\/wp\/v2\/product"}],"about":[{"href":"https:\/\/iglesiapalabrapura.com\/site\/wp-json\/wp\/v2\/types\/product"}],"replies":[{"embeddable":true,"href":"https:\/\/iglesiapalabrapura.com\/site\/wp-json\/wp\/v2\/comments?post=31965"}],"wp:featuredmedia":[{"embeddable":true,"href":"https:\/\/iglesiapalabrapura.com\/site\/wp-json\/wp\/v2\/media\/29193"}],"wp:attachment":[{"href":"https:\/\/iglesiapalabrapura.com\/site\/wp-json\/wp\/v2\/media?parent=31965"}],"wp:term":[{"taxonomy":"product_cat","embeddable":true,"href":"https:\/\/iglesiapalabrapura.com\/site\/wp-json\/wp\/v2\/product_cat?post=31965"},{"taxonomy":"product_tag","embeddable":true,"href":"https:\/\/iglesiapalabrapura.com\/site\/wp-json\/wp\/v2\/product_tag?post=31965"}],"curies":[{"name":"wp","href":"https:\/\/api.w.org\/{rel}","templated":true}]}}