{"id":32505,"date":"2022-08-18T17:34:18","date_gmt":"2022-08-18T22:34:18","guid":{"rendered":"https:\/\/iglesiapalabrapura.com\/site\/?post_type=product&#038;p=32505"},"modified":"2025-10-17T11:23:31","modified_gmt":"2025-10-17T16:23:31","slug":"nuevo-testamento-rvr-copia","status":"publish","type":"product","link":"https:\/\/iglesiapalabrapura.com\/site\/product\/nuevo-testamento-rvr-copia\/","title":{"rendered":"Nuevo Testamento RVR (copia)"},"content":{"rendered":"","protected":false},"excerpt":{"rendered":"<p>El Nuevo Testamento Salmos y Proverbios versi\u00f3n Reina Valera te ense\u00f1a el plan de Salvaci\u00f3n a trav\u00e9s de los Evangelios hasta Apocalipsis, y contiene la sabidur\u00eda de Dios en los libros de Salmos y Proverbios para que alimentes el alma diariamente con el buen h\u00e1bito de la lectura de las Escrituras.<\/p>\n","protected":false},"featured_media":30247,"comment_status":"open","ping_status":"closed","template":"","meta":[],"product_cat":[55],"product_tag":[191,343],"class_list":{"0":"post-32505","1":"product","2":"type-product","3":"status-publish","4":"has-post-thumbnail","6":"product_cat-biblias","7":"product_tag-biblia","8":"product_tag-nuevo-testamento-rvr","10":"first","11":"instock","12":"shipping-taxable","13":"purchasable","14":"product-type-simple"},"_links":{"self":[{"href":"https:\/\/iglesiapalabrapura.com\/site\/wp-json\/wp\/v2\/product\/32505","targetHints":{"allow":["GET"]}}],"collection":[{"href":"https:\/\/iglesiapalabrapura.com\/site\/wp-json\/wp\/v2\/product"}],"about":[{"href":"https:\/\/iglesiapalabrapura.com\/site\/wp-json\/wp\/v2\/types\/product"}],"replies":[{"embeddable":true,"href":"https:\/\/iglesiapalabrapura.com\/site\/wp-json\/wp\/v2\/comments?post=32505"}],"wp:featuredmedia":[{"embeddable":true,"href":"https:\/\/iglesiapalabrapura.com\/site\/wp-json\/wp\/v2\/media\/30247"}],"wp:attachment":[{"href":"https:\/\/iglesiapalabrapura.com\/site\/wp-json\/wp\/v2\/media?parent=32505"}],"wp:term":[{"taxonomy":"product_cat","embeddable":true,"href":"https:\/\/iglesiapalabrapura.com\/site\/wp-json\/wp\/v2\/product_cat?post=32505"},{"taxonomy":"product_tag","embeddable":true,"href":"https:\/\/iglesiapalabrapura.com\/site\/wp-json\/wp\/v2\/product_tag?post=32505"}],"curies":[{"name":"wp","href":"https:\/\/api.w.org\/{rel}","templated":true}]}}