{"id":32509,"date":"2022-08-18T17:52:00","date_gmt":"2022-08-18T22:52:00","guid":{"rendered":"https:\/\/iglesiapalabrapura.com\/site\/?post_type=product&#038;p=32509"},"modified":"2025-10-17T11:25:29","modified_gmt":"2025-10-17T16:25:29","slug":"los-cinco-lenguajes-del-amor-para-hombres","status":"publish","type":"product","link":"https:\/\/iglesiapalabrapura.com\/site\/product\/los-cinco-lenguajes-del-amor-para-hombres\/","title":{"rendered":"Los Cinco Lenguajes del Amor para Hombres"},"content":{"rendered":"","protected":false},"excerpt":{"rendered":"<p>Ya conoces las se\u00f1ales de un matrimonio feliz: ella sonr\u00ede cuando te ve, t\u00fa anhelas verla, est\u00e1s satisfecho con tu vida sexual, se respetan y conf\u00edan en uno al otro&#8230; \u00bfpero eso es tu matrimonio? El secreto es tan sencillo como hablar el lenguaje adecuado del amor.<\/p>\n<p>Tu esposa tiene una manera \u00fanica de expresar e interpretar el amor, y t\u00fa tambi\u00e9n. En sus lenguajes del amor est\u00e1n las claves para hacerse feliz el uno al otro.<\/p>\n<p>El Dr. Gary Chapman te ayudar\u00e1 a que esto tenga sentido a trav\u00e9s de la Edici\u00f3n de Hombres de su \u00e9xito de librer\u00eda internacional, el cual ha ayudado a millones de personas a encontrar el gozo en sus matrimonios mediante cinco categor\u00edas de expresi\u00f3n emocional:<\/p>\n<ul>\n<li>Palabras de afirmaci\u00f3n<\/li>\n<li>Tiempo de calidad<\/li>\n<li>Regalos<\/li>\n<li>Actos de servicio<\/li>\n<li>Toque f\u00edsico<\/li>\n<\/ul>\n<p>Aprende de manera precisa las palabras y las acciones que tendr\u00e1n mayor significado para tu esposa y lo que ella m\u00e1s desea de ti en todo momento. Adem\u00e1s, ella aprender\u00e1 tu lenguaje del amor (Antes de que des por sentado el toque f\u00edsico, lee el libro&#8230; quiz\u00e1 te sorprendas). Y los dos obtendr\u00e1n la felicidad y satisfacci\u00f3n de sentirse muy amados de verdad.<\/p>\n","protected":false},"featured_media":32510,"comment_status":"open","ping_status":"closed","template":"","meta":[],"product_cat":[843,54,1165,1171,1158],"product_tag":[101,69,486],"class_list":{"0":"post-32509","1":"product","2":"type-product","3":"status-publish","4":"has-post-thumbnail","6":"product_cat-garychapman","7":"product_cat-libros","8":"product_cat-matrimonio","9":"product_cat-por-autor","10":"product_cat-por-temas","11":"product_tag-gary-chapman","12":"product_tag-libro","13":"product_tag-los-cinco-lenguajes-del-amor-para-hombres","15":"first","16":"instock","17":"shipping-taxable","18":"purchasable","19":"product-type-simple"},"_links":{"self":[{"href":"https:\/\/iglesiapalabrapura.com\/site\/wp-json\/wp\/v2\/product\/32509","targetHints":{"allow":["GET"]}}],"collection":[{"href":"https:\/\/iglesiapalabrapura.com\/site\/wp-json\/wp\/v2\/product"}],"about":[{"href":"https:\/\/iglesiapalabrapura.com\/site\/wp-json\/wp\/v2\/types\/product"}],"replies":[{"embeddable":true,"href":"https:\/\/iglesiapalabrapura.com\/site\/wp-json\/wp\/v2\/comments?post=32509"}],"wp:featuredmedia":[{"embeddable":true,"href":"https:\/\/iglesiapalabrapura.com\/site\/wp-json\/wp\/v2\/media\/32510"}],"wp:attachment":[{"href":"https:\/\/iglesiapalabrapura.com\/site\/wp-json\/wp\/v2\/media?parent=32509"}],"wp:term":[{"taxonomy":"product_cat","embeddable":true,"href":"https:\/\/iglesiapalabrapura.com\/site\/wp-json\/wp\/v2\/product_cat?post=32509"},{"taxonomy":"product_tag","embeddable":true,"href":"https:\/\/iglesiapalabrapura.com\/site\/wp-json\/wp\/v2\/product_tag?post=32509"}],"curies":[{"name":"wp","href":"https:\/\/api.w.org\/{rel}","templated":true}]}}