{"id":32523,"date":"2022-08-19T09:21:00","date_gmt":"2022-08-19T14:21:00","guid":{"rendered":"https:\/\/iglesiapalabrapura.com\/site\/?post_type=product&#038;p=32523"},"modified":"2025-06-20T11:35:32","modified_gmt":"2025-06-20T16:35:32","slug":"amor-y-respeto","status":"publish","type":"product","link":"https:\/\/iglesiapalabrapura.com\/site\/product\/amor-y-respeto\/","title":{"rendered":"Amor y Respeto  para parejas"},"content":{"rendered":"","protected":false},"excerpt":{"rendered":"<div>Descubra el m\u00e1s grande secreto para un matrimonio exitoso.<\/div>\n<div>\u00bfQu\u00e9 quiere usted para su matrimonio? \u00bfQuiere tener paz? \u00bfQuiere sentir intimidad? \u00bfQuiere sentirse valorado? Entonces, pruebe un poco de Amor y respeto.<\/div>\n<div><\/div>\n<div>Basado en Efesios 5.33 y vasta investigaci\u00f3n \u00a0b\u00edblica y psicol\u00f3gica, el doctor Emerson Eggerichs revela por qu\u00e9 los esposos reaccionan negativamente el uno con el otro, y c\u00f3mo pueden tratar con este conflicto r\u00e1pida, f\u00e1cil y b\u00edblicamente.<\/div>\n","protected":false},"featured_media":32524,"comment_status":"open","ping_status":"closed","template":"","meta":[],"product_cat":[844,54,1165,1171,1158],"product_tag":[483,487,485,484,69],"class_list":{"0":"post-32523","1":"product","2":"type-product","3":"status-publish","4":"has-post-thumbnail","6":"product_cat-emersoneggerichs","7":"product_cat-libros","8":"product_cat-matrimonio","9":"product_cat-por-autor","10":"product_cat-por-temas","11":"product_tag-amor","12":"product_tag-amor-y-respeto","13":"product_tag-dr-emerson-eggerichs","14":"product_tag-hijos","15":"product_tag-libro","17":"first","18":"instock","19":"shipping-taxable","20":"purchasable","21":"product-type-simple"},"_links":{"self":[{"href":"https:\/\/iglesiapalabrapura.com\/site\/wp-json\/wp\/v2\/product\/32523","targetHints":{"allow":["GET"]}}],"collection":[{"href":"https:\/\/iglesiapalabrapura.com\/site\/wp-json\/wp\/v2\/product"}],"about":[{"href":"https:\/\/iglesiapalabrapura.com\/site\/wp-json\/wp\/v2\/types\/product"}],"replies":[{"embeddable":true,"href":"https:\/\/iglesiapalabrapura.com\/site\/wp-json\/wp\/v2\/comments?post=32523"}],"wp:featuredmedia":[{"embeddable":true,"href":"https:\/\/iglesiapalabrapura.com\/site\/wp-json\/wp\/v2\/media\/32524"}],"wp:attachment":[{"href":"https:\/\/iglesiapalabrapura.com\/site\/wp-json\/wp\/v2\/media?parent=32523"}],"wp:term":[{"taxonomy":"product_cat","embeddable":true,"href":"https:\/\/iglesiapalabrapura.com\/site\/wp-json\/wp\/v2\/product_cat?post=32523"},{"taxonomy":"product_tag","embeddable":true,"href":"https:\/\/iglesiapalabrapura.com\/site\/wp-json\/wp\/v2\/product_tag?post=32523"}],"curies":[{"name":"wp","href":"https:\/\/api.w.org\/{rel}","templated":true}]}}