{"id":33180,"date":"2022-09-15T10:03:57","date_gmt":"2022-09-15T15:03:57","guid":{"rendered":"https:\/\/iglesiapalabrapura.com\/site\/?post_type=product&#038;p=33180"},"modified":"2025-06-20T15:15:05","modified_gmt":"2025-06-20T20:15:05","slug":"matrimonio-una-mision-imposible","status":"publish","type":"product","link":"https:\/\/iglesiapalabrapura.com\/site\/product\/matrimonio-una-mision-imposible\/","title":{"rendered":"EL Matrimonio, \u00bfUna Misi\u00f3n Imposible?"},"content":{"rendered":"<p>El matrimonio, como es bien sabido, es la instituci\u00f3n creada por Dios para nuestro beneficio. Instituci\u00f3n conformada por un hombre y una mujer, en la cual se debe reflejar el amor de Dios como la base en que ha de sostenerse, con el prop\u00f3sito de construir una sociedad moralmente s\u00f3lida e integra. Sin embargo, no sucede as\u00ed, como es de esperarse; puesto que el hombre construye la estabilidad de una relaci\u00f3n seg\u00fan su propio criterio.<\/p>\n","protected":false},"excerpt":{"rendered":"<p>En esta maravillosa serie, el Pastor Rafael aborda el tema del matrimonio desde el divorcio como enfoque, para mostrarnos a trav\u00e9s de la Palabra que, el amor, la sabidur\u00eda y la opini\u00f3n del ser humano, son fr\u00e1giles y, por lo tanto, su interpretaci\u00f3n de la Palabra en relaci\u00f3n al matrimonio, es equivocada y por dem\u00e1s conveniente. S\u00f3lo Dios y su Palabra constituye la \u00fanica y verdadera base de una relaci\u00f3n matrimonial sana.<\/p>\n<p>Ense\u00f1anza del a\u00f1o 2022<\/p>\n","protected":false},"featured_media":33186,"comment_status":"open","ping_status":"closed","template":"","meta":[],"product_cat":[52,1182,840],"product_tag":[116,139,65,120,496],"class_list":{"0":"post-33180","1":"product","2":"type-product","3":"status-publish","4":"has-post-thumbnail","6":"product_cat-audioensenanza","7":"product_cat-por-autor-audioensenanza","8":"product_cat-rafael-lemes","9":"product_tag-iglesia-palabra-pura","10":"product_tag-matrimonio","11":"product_tag-pastor-rafael-lemes","12":"product_tag-serie","13":"product_tag-una-mision-imposible","15":"first","16":"instock","17":"downloadable","18":"virtual","19":"purchasable","20":"product-type-simple"},"_links":{"self":[{"href":"https:\/\/iglesiapalabrapura.com\/site\/wp-json\/wp\/v2\/product\/33180","targetHints":{"allow":["GET"]}}],"collection":[{"href":"https:\/\/iglesiapalabrapura.com\/site\/wp-json\/wp\/v2\/product"}],"about":[{"href":"https:\/\/iglesiapalabrapura.com\/site\/wp-json\/wp\/v2\/types\/product"}],"replies":[{"embeddable":true,"href":"https:\/\/iglesiapalabrapura.com\/site\/wp-json\/wp\/v2\/comments?post=33180"}],"wp:featuredmedia":[{"embeddable":true,"href":"https:\/\/iglesiapalabrapura.com\/site\/wp-json\/wp\/v2\/media\/33186"}],"wp:attachment":[{"href":"https:\/\/iglesiapalabrapura.com\/site\/wp-json\/wp\/v2\/media?parent=33180"}],"wp:term":[{"taxonomy":"product_cat","embeddable":true,"href":"https:\/\/iglesiapalabrapura.com\/site\/wp-json\/wp\/v2\/product_cat?post=33180"},{"taxonomy":"product_tag","embeddable":true,"href":"https:\/\/iglesiapalabrapura.com\/site\/wp-json\/wp\/v2\/product_tag?post=33180"}],"curies":[{"name":"wp","href":"https:\/\/api.w.org\/{rel}","templated":true}]}}