{"id":33364,"date":"2022-09-20T17:25:27","date_gmt":"2022-09-20T22:25:27","guid":{"rendered":"https:\/\/iglesiapalabrapura.com\/site\/?post_type=product&#038;p=33364"},"modified":"2025-10-17T11:53:20","modified_gmt":"2025-10-17T16:53:20","slug":"el-caminar-con-dios-de-una-joven","status":"publish","type":"product","link":"https:\/\/iglesiapalabrapura.com\/site\/product\/el-caminar-con-dios-de-una-joven\/","title":{"rendered":"El caminar con Dios de una joven"},"content":{"rendered":"","protected":false},"excerpt":{"rendered":"<p>Elizabeth George, autora de A Young Woman After God&#8217;s Own Heart (m\u00e1s de 150.000 ejemplares vendidos en ingl\u00e9s), ofrece otro libro para adolescentes que cambia la vida: El caminar con Dios de una joven.<br \/>\nLas adolescentes cristianas anhelan complacer a Dios, pero la presi\u00f3n de los compa\u00f1eros, las actividades escolares y los cambios f\u00edsicos hacen que cualidades piadosas como la paciencia, la bondad y el autocontrol sean dif\u00edciles de desarrollar. La buena noticia es que al enfocarse en Dios, las ni\u00f1as pueden vivir el fruto del Esp\u00edritu. As\u00ed podr\u00e1n:<\/p>\n<ul class=\"a-unordered-list a-vertical\">\n<li><span class=\"a-list-item\">tener una actitud positiva a diario<\/span><\/li>\n<li><span class=\"a-list-item\">tener paz independientemente de las circunstancias<\/span><\/li>\n<li><span class=\"a-list-item\">experimentar la alegr\u00eda incluso durante las dificultades<\/span><\/li>\n<\/ul>\n<p>La fidelidad y la mansedumbre llegan cuando las adolescentes caminan con Jes\u00fas y expresan su amor a quienes las rodean.<\/p>\n","protected":false},"featured_media":33365,"comment_status":"open","ping_status":"closed","template":"","meta":[],"product_cat":[54],"product_tag":[503,354,501,69],"class_list":{"0":"post-33364","1":"product","2":"type-product","3":"status-publish","4":"has-post-thumbnail","6":"product_cat-libros","7":"product_tag-el-caminar-con-dios-de-una-joven","8":"product_tag-elizabeth-george","9":"product_tag-joven","10":"product_tag-libro","12":"first","13":"outofstock","14":"shipping-taxable","15":"purchasable","16":"product-type-simple"},"_links":{"self":[{"href":"https:\/\/iglesiapalabrapura.com\/site\/wp-json\/wp\/v2\/product\/33364","targetHints":{"allow":["GET"]}}],"collection":[{"href":"https:\/\/iglesiapalabrapura.com\/site\/wp-json\/wp\/v2\/product"}],"about":[{"href":"https:\/\/iglesiapalabrapura.com\/site\/wp-json\/wp\/v2\/types\/product"}],"replies":[{"embeddable":true,"href":"https:\/\/iglesiapalabrapura.com\/site\/wp-json\/wp\/v2\/comments?post=33364"}],"wp:featuredmedia":[{"embeddable":true,"href":"https:\/\/iglesiapalabrapura.com\/site\/wp-json\/wp\/v2\/media\/33365"}],"wp:attachment":[{"href":"https:\/\/iglesiapalabrapura.com\/site\/wp-json\/wp\/v2\/media?parent=33364"}],"wp:term":[{"taxonomy":"product_cat","embeddable":true,"href":"https:\/\/iglesiapalabrapura.com\/site\/wp-json\/wp\/v2\/product_cat?post=33364"},{"taxonomy":"product_tag","embeddable":true,"href":"https:\/\/iglesiapalabrapura.com\/site\/wp-json\/wp\/v2\/product_tag?post=33364"}],"curies":[{"name":"wp","href":"https:\/\/api.w.org\/{rel}","templated":true}]}}