{"id":33715,"date":"2022-10-04T16:00:07","date_gmt":"2022-10-04T21:00:07","guid":{"rendered":"https:\/\/iglesiapalabrapura.com\/site\/?post_type=product&#038;p=33715"},"modified":"2025-06-20T15:14:54","modified_gmt":"2025-06-20T20:14:54","slug":"donde-el-trono-de-satanas-esta","status":"publish","type":"product","link":"https:\/\/iglesiapalabrapura.com\/site\/product\/donde-el-trono-de-satanas-esta\/","title":{"rendered":"DONDE EL TRONO DE SATAN\u00c1S EST\u00c1"},"content":{"rendered":"","protected":false},"excerpt":{"rendered":"<p>Nuestra Pastora Adriana nos ense\u00f1a, a trav\u00e9s de esta maravillosa serie, como Satan\u00e1s sigue operando en el mundo y que, as\u00ed como Dios tiene su trono en los cielos, Satan\u00e1s tambi\u00e9n, en un intento por imitar al Creador, a establecido su propio trono aqu\u00ed en la tierra. Tambi\u00e9n nos deja ver que dicho trono representa la maldad que ahora vemos en todas partes y que este trono, con el pasar de los a\u00f1os hasta nuestros d\u00edas, ha sido estrado de doctrinas anticristo; pero s\u00f3lo un estudio concienzudo de la historia a la luz de la Palabra, nos ayudar\u00e1 a comprender mejor, porque este trono existe, de qu\u00e9 manera ha sido utilizado y en que lugares ha estado.<\/p>\n<p>Ense\u00f1anza del a\u00f1o 2022<\/p>\n","protected":false},"featured_media":33728,"comment_status":"open","ping_status":"closed","template":"","meta":[],"product_cat":[52,841,1182],"product_tag":[521,116,62,120],"class_list":{"0":"post-33715","1":"product","2":"type-product","3":"status-publish","4":"has-post-thumbnail","6":"product_cat-audioensenanza","7":"product_cat-adrianalemes","8":"product_cat-por-autor-audioensenanza","9":"product_tag-donde-el-trono-de-satanas-esta","10":"product_tag-iglesia-palabra-pura","11":"product_tag-pastora-adriana-lemes","12":"product_tag-serie","14":"first","15":"instock","16":"downloadable","17":"virtual","18":"purchasable","19":"product-type-simple"},"_links":{"self":[{"href":"https:\/\/iglesiapalabrapura.com\/site\/wp-json\/wp\/v2\/product\/33715","targetHints":{"allow":["GET"]}}],"collection":[{"href":"https:\/\/iglesiapalabrapura.com\/site\/wp-json\/wp\/v2\/product"}],"about":[{"href":"https:\/\/iglesiapalabrapura.com\/site\/wp-json\/wp\/v2\/types\/product"}],"replies":[{"embeddable":true,"href":"https:\/\/iglesiapalabrapura.com\/site\/wp-json\/wp\/v2\/comments?post=33715"}],"wp:featuredmedia":[{"embeddable":true,"href":"https:\/\/iglesiapalabrapura.com\/site\/wp-json\/wp\/v2\/media\/33728"}],"wp:attachment":[{"href":"https:\/\/iglesiapalabrapura.com\/site\/wp-json\/wp\/v2\/media?parent=33715"}],"wp:term":[{"taxonomy":"product_cat","embeddable":true,"href":"https:\/\/iglesiapalabrapura.com\/site\/wp-json\/wp\/v2\/product_cat?post=33715"},{"taxonomy":"product_tag","embeddable":true,"href":"https:\/\/iglesiapalabrapura.com\/site\/wp-json\/wp\/v2\/product_tag?post=33715"}],"curies":[{"name":"wp","href":"https:\/\/api.w.org\/{rel}","templated":true}]}}