{"id":35643,"date":"2023-02-03T15:57:25","date_gmt":"2023-02-03T20:57:25","guid":{"rendered":"https:\/\/iglesiapalabrapura.com\/site\/?post_type=product&#038;p=35643"},"modified":"2025-10-17T16:50:19","modified_gmt":"2025-10-17T21:50:19","slug":"siga-el-plan-de-dios-para-su-vida","status":"publish","type":"product","link":"https:\/\/iglesiapalabrapura.com\/site\/product\/siga-el-plan-de-dios-para-su-vida\/","title":{"rendered":"SIGA EL PLAN DE DIOS PARA SU VIDA"},"content":{"rendered":"","protected":false},"excerpt":{"rendered":"<div>\u00a1Corra la carrera que Dios tiene adelante de usted!<\/div>\n<div>\u00bfEst\u00e1 corriendo la carrera que Dios le puso delante? Si est\u00e1 tratando de correr la carrera de alguien m\u00e1s o una carrera que es de su propia elecci\u00f3n, no dar\u00e1 en el blanco. Usted tiene un alto llamado para correr su carrera y terminar el recorrido que Dios dise\u00f1\u00f3 exclusivamente para su vida.<\/div>\n<div>En &#8220;Siga el plan de Dios para su Vida&#8221;, el Rev. Kenneth Hagin, declara: &#8220;los \u00faltimos d\u00edas est\u00e1n sobre nosotros. El final de todas las cosas est\u00e1 cerca. A\u00f1os criticos est\u00e1n puestos delante de nosotros, por lo que hay un gran trabajo que debe ser hecho y una gran cosecha de almas para ser recogidas. Nunca ha sido tan crucial que seamos sensibles a la direcci\u00f3n del Esp\u00edritu Santo para que uno siga el plan de Dios para su vida. Amigos, es tiempo de ser moldeados. Es tiempo de ponernos serios acerca de servirle a Dios y de ser todo lo que \u00c9l quiere que seamos&#8221;.<\/div>\n","protected":false},"featured_media":35642,"comment_status":"open","ping_status":"closed","template":"","meta":[],"product_cat":[1168,839,54,1166,1171,1158,1159],"product_tag":[71,69,563],"class_list":{"0":"post-35643","1":"product","2":"type-product","3":"status-publish","4":"has-post-thumbnail","6":"product_cat-espiritu-santo","7":"product_cat-kenneth-hagin","8":"product_cat-libros","9":"product_cat-liderazgo","10":"product_cat-por-autor","11":"product_cat-por-temas","12":"product_cat-vida-cristiana","13":"product_tag-kenneth-e-hagin","14":"product_tag-libro","15":"product_tag-siga-el-plan-de-dios-para-su-vida","17":"first","18":"instock","19":"shipping-taxable","20":"purchasable","21":"product-type-simple"},"_links":{"self":[{"href":"https:\/\/iglesiapalabrapura.com\/site\/wp-json\/wp\/v2\/product\/35643","targetHints":{"allow":["GET"]}}],"collection":[{"href":"https:\/\/iglesiapalabrapura.com\/site\/wp-json\/wp\/v2\/product"}],"about":[{"href":"https:\/\/iglesiapalabrapura.com\/site\/wp-json\/wp\/v2\/types\/product"}],"replies":[{"embeddable":true,"href":"https:\/\/iglesiapalabrapura.com\/site\/wp-json\/wp\/v2\/comments?post=35643"}],"wp:featuredmedia":[{"embeddable":true,"href":"https:\/\/iglesiapalabrapura.com\/site\/wp-json\/wp\/v2\/media\/35642"}],"wp:attachment":[{"href":"https:\/\/iglesiapalabrapura.com\/site\/wp-json\/wp\/v2\/media?parent=35643"}],"wp:term":[{"taxonomy":"product_cat","embeddable":true,"href":"https:\/\/iglesiapalabrapura.com\/site\/wp-json\/wp\/v2\/product_cat?post=35643"},{"taxonomy":"product_tag","embeddable":true,"href":"https:\/\/iglesiapalabrapura.com\/site\/wp-json\/wp\/v2\/product_tag?post=35643"}],"curies":[{"name":"wp","href":"https:\/\/api.w.org\/{rel}","templated":true}]}}