{"id":35903,"date":"2023-02-15T17:16:42","date_gmt":"2023-02-15T22:16:42","guid":{"rendered":"https:\/\/iglesiapalabrapura.com\/site\/?post_type=product&#038;p=35903"},"modified":"2025-06-20T14:50:23","modified_gmt":"2025-06-20T19:50:23","slug":"la-imaginacion-manifiesta-lo-invisible-serie-video","status":"publish","type":"product","link":"https:\/\/iglesiapalabrapura.com\/site\/product\/la-imaginacion-manifiesta-lo-invisible-serie-video\/","title":{"rendered":"LA IMAGINACI\u00d3N MANIFIESTA LO INVISIBLE (SERIE-VIDEO)"},"content":{"rendered":"","protected":false},"excerpt":{"rendered":"<p>Muchas personas no saben que la imaginaci\u00f3n es un don dado por Dios. El enemigo se ha encargado de pervertir la imaginaci\u00f3n del ser humano. Pero a trav\u00e9s de esta Serie de 4 Ense\u00f1anzas, nuestros Pastores Rafael y Adriana Lemes nos ense\u00f1an c\u00f3mo uniendo nuestra\u00a0 imaginaci\u00f3n a la Palabra se manifiesta lo que Dios nos ha entregado.<\/p>\n","protected":false},"featured_media":35904,"comment_status":"open","ping_status":"closed","template":"","meta":[],"product_cat":[53,1184,860,859,1181],"product_tag":[116,575,65,120],"class_list":{"0":"post-35903","1":"product","2":"type-product","3":"status-publish","4":"has-post-thumbnail","6":"product_cat-ensenanzavideo","7":"product_cat-fe-por-tema","8":"product_cat-rafaellemes","9":"product_cat-adrianalemes-ensenanzavideo","10":"product_cat-por-autor-ensenanzavideo","11":"product_tag-iglesia-palabra-pura","12":"product_tag-la-imaginacion-manifiesta-lo-invisible","13":"product_tag-pastor-rafael-lemes","14":"product_tag-serie","16":"first","17":"instock","18":"downloadable","19":"virtual","20":"purchasable","21":"product-type-simple"},"_links":{"self":[{"href":"https:\/\/iglesiapalabrapura.com\/site\/wp-json\/wp\/v2\/product\/35903","targetHints":{"allow":["GET"]}}],"collection":[{"href":"https:\/\/iglesiapalabrapura.com\/site\/wp-json\/wp\/v2\/product"}],"about":[{"href":"https:\/\/iglesiapalabrapura.com\/site\/wp-json\/wp\/v2\/types\/product"}],"replies":[{"embeddable":true,"href":"https:\/\/iglesiapalabrapura.com\/site\/wp-json\/wp\/v2\/comments?post=35903"}],"wp:featuredmedia":[{"embeddable":true,"href":"https:\/\/iglesiapalabrapura.com\/site\/wp-json\/wp\/v2\/media\/35904"}],"wp:attachment":[{"href":"https:\/\/iglesiapalabrapura.com\/site\/wp-json\/wp\/v2\/media?parent=35903"}],"wp:term":[{"taxonomy":"product_cat","embeddable":true,"href":"https:\/\/iglesiapalabrapura.com\/site\/wp-json\/wp\/v2\/product_cat?post=35903"},{"taxonomy":"product_tag","embeddable":true,"href":"https:\/\/iglesiapalabrapura.com\/site\/wp-json\/wp\/v2\/product_tag?post=35903"}],"curies":[{"name":"wp","href":"https:\/\/api.w.org\/{rel}","templated":true}]}}