{"id":35976,"date":"2023-03-01T05:00:59","date_gmt":"2023-03-01T10:00:59","guid":{"rendered":"https:\/\/iglesiapalabrapura.com\/site\/?post_type=product&#038;p=35976"},"modified":"2025-11-06T14:10:10","modified_gmt":"2025-11-06T19:10:10","slug":"como-me-enseno-dios-acerca-de-prosperidad","status":"publish","type":"product","link":"https:\/\/iglesiapalabrapura.com\/site\/product\/como-me-enseno-dios-acerca-de-prosperidad\/","title":{"rendered":"C\u00f3mo me Ense\u00f1\u00f3 Dios Acerca de Prosperidad"},"content":{"rendered":"","protected":false},"excerpt":{"rendered":"<p>En este peque\u00f1o libro de gran sabidur\u00eda, todo creyente podr\u00e1 aprender, a tr\u00e1vez de una serie de instrucciones, c\u00f3mo usar la fe en las finanzas.<br \/>\n(Isa\u00edas 1:19) &#8220;Si est\u00e1is dispuestos y obedientes, comer\u00e9is del bien de la tierra\u201d<\/p>\n","protected":false},"featured_media":35977,"comment_status":"open","ping_status":"closed","template":"","meta":[],"product_cat":[1163,839,54,1171,1158],"product_tag":[580,71,69],"class_list":{"0":"post-35976","1":"product","2":"type-product","3":"status-publish","4":"has-post-thumbnail","6":"product_cat-finanzas-por-temas","7":"product_cat-kenneth-hagin","8":"product_cat-libros","9":"product_cat-por-autor","10":"product_cat-por-temas","11":"product_tag-como-me-enseno-dios-acerca-de-prosperidad","12":"product_tag-kenneth-e-hagin","13":"product_tag-libro","15":"first","16":"instock","17":"shipping-taxable","18":"purchasable","19":"product-type-simple"},"_links":{"self":[{"href":"https:\/\/iglesiapalabrapura.com\/site\/wp-json\/wp\/v2\/product\/35976","targetHints":{"allow":["GET"]}}],"collection":[{"href":"https:\/\/iglesiapalabrapura.com\/site\/wp-json\/wp\/v2\/product"}],"about":[{"href":"https:\/\/iglesiapalabrapura.com\/site\/wp-json\/wp\/v2\/types\/product"}],"replies":[{"embeddable":true,"href":"https:\/\/iglesiapalabrapura.com\/site\/wp-json\/wp\/v2\/comments?post=35976"}],"wp:featuredmedia":[{"embeddable":true,"href":"https:\/\/iglesiapalabrapura.com\/site\/wp-json\/wp\/v2\/media\/35977"}],"wp:attachment":[{"href":"https:\/\/iglesiapalabrapura.com\/site\/wp-json\/wp\/v2\/media?parent=35976"}],"wp:term":[{"taxonomy":"product_cat","embeddable":true,"href":"https:\/\/iglesiapalabrapura.com\/site\/wp-json\/wp\/v2\/product_cat?post=35976"},{"taxonomy":"product_tag","embeddable":true,"href":"https:\/\/iglesiapalabrapura.com\/site\/wp-json\/wp\/v2\/product_tag?post=35976"}],"curies":[{"name":"wp","href":"https:\/\/api.w.org\/{rel}","templated":true}]}}