{"id":36196,"date":"2023-04-01T05:00:58","date_gmt":"2023-04-01T10:00:58","guid":{"rendered":"https:\/\/iglesiapalabrapura.com\/site\/?post_type=product&#038;p=36196"},"modified":"2025-11-06T14:08:58","modified_gmt":"2025-11-06T19:08:58","slug":"biblia-z-azul","status":"publish","type":"product","link":"https:\/\/iglesiapalabrapura.com\/site\/product\/biblia-z-azul\/","title":{"rendered":"Biblia Generaci\u00f3n Z (Azul)"},"content":{"rendered":"","protected":false},"excerpt":{"rendered":"<div><span class=\"a-text-bold\">Esta es una Biblia \u00fanica para que la Generaci\u00f3n Z (los que hoy tienen menos de 20 a\u00f1os) se apropien de una fe vibrante y una vida espiritual personal.<\/span><span class=\"a-text-bold\">\u00a0Con conectores entre cada libro de la Biblia y los intereses de la Generaci\u00f3n Z y reflexiones cortas y videos de los l\u00edderes y maestros b\u00edblicos m\u00e1s destacados para la Generaci\u00f3n Z, esta Biblia fortalecer\u00e1 un proceso de fe genuino e individual en cada lector. Esta es una Biblia ideal de regalo para preadolescentes, adolescentes y quienes est\u00e1n comenzando la universidad.<\/span><\/div>\n<div><\/div>\n<div><\/div>\n<div><\/div>\n","protected":false},"featured_media":36197,"comment_status":"open","ping_status":"closed","template":"","meta":[],"product_cat":[55],"product_tag":[191,602,603],"class_list":{"0":"post-36196","1":"product","2":"type-product","3":"status-publish","4":"has-post-thumbnail","6":"product_cat-biblias","7":"product_tag-biblia","8":"product_tag-biblia-z","9":"product_tag-generacion-z","11":"first","12":"instock","13":"shipping-taxable","14":"purchasable","15":"product-type-simple"},"_links":{"self":[{"href":"https:\/\/iglesiapalabrapura.com\/site\/wp-json\/wp\/v2\/product\/36196","targetHints":{"allow":["GET"]}}],"collection":[{"href":"https:\/\/iglesiapalabrapura.com\/site\/wp-json\/wp\/v2\/product"}],"about":[{"href":"https:\/\/iglesiapalabrapura.com\/site\/wp-json\/wp\/v2\/types\/product"}],"replies":[{"embeddable":true,"href":"https:\/\/iglesiapalabrapura.com\/site\/wp-json\/wp\/v2\/comments?post=36196"}],"wp:featuredmedia":[{"embeddable":true,"href":"https:\/\/iglesiapalabrapura.com\/site\/wp-json\/wp\/v2\/media\/36197"}],"wp:attachment":[{"href":"https:\/\/iglesiapalabrapura.com\/site\/wp-json\/wp\/v2\/media?parent=36196"}],"wp:term":[{"taxonomy":"product_cat","embeddable":true,"href":"https:\/\/iglesiapalabrapura.com\/site\/wp-json\/wp\/v2\/product_cat?post=36196"},{"taxonomy":"product_tag","embeddable":true,"href":"https:\/\/iglesiapalabrapura.com\/site\/wp-json\/wp\/v2\/product_tag?post=36196"}],"curies":[{"name":"wp","href":"https:\/\/api.w.org\/{rel}","templated":true}]}}