{"id":36578,"date":"2023-05-09T10:24:35","date_gmt":"2023-05-09T15:24:35","guid":{"rendered":"https:\/\/iglesiapalabrapura.com\/site\/?post_type=product&#038;p=36578"},"modified":"2025-06-20T15:13:23","modified_gmt":"2025-06-20T20:13:23","slug":"la-iglesia-de-pergamo-serie","status":"publish","type":"product","link":"https:\/\/iglesiapalabrapura.com\/site\/product\/la-iglesia-de-pergamo-serie\/","title":{"rendered":"La Iglesia de P\u00e9rgamo (Serie)"},"content":{"rendered":"","protected":false},"excerpt":{"rendered":"<p>Esta serie que trae para la iglesia nuestra Pastora Adriana es la secuela de la serie Donde el trono de Satan\u00e1s esta, de modo que una vez revelado los lugares donde satan\u00e1s ha ejercido su influencia para controlar todas las cosas e impedir que Dios cumpla con su plan eterno. En esta serie de la Iglesia de P\u00e9rgamo nuestra pastora nos da un recorrido en la historia dej\u00e1ndonos ver como el mal se ha propagado a trav\u00e9s de sus falsas doctrinas y hombres de renombre que han servido ha dicho prop\u00f3sito.<\/p>\n<p>&nbsp;<\/p>\n","protected":false},"featured_media":36579,"comment_status":"open","ping_status":"closed","template":"","meta":[],"product_cat":[52,841,1182],"product_tag":[123,116,635,62,120],"class_list":{"0":"post-36578","1":"product","2":"type-product","3":"status-publish","4":"has-post-thumbnail","6":"product_cat-audioensenanza","7":"product_cat-adrianalemes","8":"product_cat-por-autor-audioensenanza","9":"product_tag-ensenanza","10":"product_tag-iglesia-palabra-pura","11":"product_tag-la-iglesia-de-pergamo","12":"product_tag-pastora-adriana-lemes","13":"product_tag-serie","15":"first","16":"instock","17":"downloadable","18":"virtual","19":"purchasable","20":"product-type-simple"},"_links":{"self":[{"href":"https:\/\/iglesiapalabrapura.com\/site\/wp-json\/wp\/v2\/product\/36578","targetHints":{"allow":["GET"]}}],"collection":[{"href":"https:\/\/iglesiapalabrapura.com\/site\/wp-json\/wp\/v2\/product"}],"about":[{"href":"https:\/\/iglesiapalabrapura.com\/site\/wp-json\/wp\/v2\/types\/product"}],"replies":[{"embeddable":true,"href":"https:\/\/iglesiapalabrapura.com\/site\/wp-json\/wp\/v2\/comments?post=36578"}],"wp:featuredmedia":[{"embeddable":true,"href":"https:\/\/iglesiapalabrapura.com\/site\/wp-json\/wp\/v2\/media\/36579"}],"wp:attachment":[{"href":"https:\/\/iglesiapalabrapura.com\/site\/wp-json\/wp\/v2\/media?parent=36578"}],"wp:term":[{"taxonomy":"product_cat","embeddable":true,"href":"https:\/\/iglesiapalabrapura.com\/site\/wp-json\/wp\/v2\/product_cat?post=36578"},{"taxonomy":"product_tag","embeddable":true,"href":"https:\/\/iglesiapalabrapura.com\/site\/wp-json\/wp\/v2\/product_tag?post=36578"}],"curies":[{"name":"wp","href":"https:\/\/api.w.org\/{rel}","templated":true}]}}