{"id":36732,"date":"2023-05-26T12:12:30","date_gmt":"2023-05-26T17:12:30","guid":{"rendered":"https:\/\/iglesiapalabrapura.com\/site\/?post_type=product&#038;p=36732"},"modified":"2025-04-07T17:12:08","modified_gmt":"2025-04-07T22:12:08","slug":"lecturas-matutinas-365-lecturas-diarias","status":"publish","type":"product","link":"https:\/\/iglesiapalabrapura.com\/site\/product\/lecturas-matutinas-365-lecturas-diarias\/","title":{"rendered":"Lecturas matutinas: 365 lecturas diarias"},"content":{"rendered":"","protected":false},"excerpt":{"rendered":"<div>Aparte de su monumental exposici\u00f3n a los Salmos publicada con el t\u00edtulo de \u201cEl Tesoro de David\u201d y de la transcripci\u00f3n de sus sermones (tambi\u00e9n publicador por CLIE en espa\u00f1ol) si por algo es conocido y apreciado el gran predicador Charles Haddon Spurgeon es por sus libros de reflexiones devociones para cada d\u00eda del a\u00f1o: \u201cMorning and Evening Devotionals\u201d \u00a0(Lecturas Matutinas y Vespertinas) y \u201cThe Chequebook of the Bank of Faith\u201d (El libro de Cheques del Banco de la Fe) ambos publicados por CLIE en espa\u00f1ol.<\/div>\n<div><\/div>\n<div>Este volumen incluye una selecci\u00f3n de las mejores meditaciones escritas por \u00a0Spurgeon en \u201cMorning and Evening Devotionals\u201d \u00a0como fruto de sus propias experiencias de comuni\u00f3n con Dios.<\/div>\n","protected":false},"featured_media":36733,"comment_status":"open","ping_status":"closed","template":"","meta":[],"product_cat":[54],"product_tag":[645,646,644,69],"class_list":{"0":"post-36732","1":"product","2":"type-product","3":"status-publish","4":"has-post-thumbnail","6":"product_cat-libros","7":"product_tag-c-h-spurgeon","8":"product_tag-devocionales","9":"product_tag-lecturas-matutinas-365-lecturas-diarias","10":"product_tag-libro","12":"first","13":"outofstock","14":"shipping-taxable","15":"purchasable","16":"product-type-simple"},"_links":{"self":[{"href":"https:\/\/iglesiapalabrapura.com\/site\/wp-json\/wp\/v2\/product\/36732","targetHints":{"allow":["GET"]}}],"collection":[{"href":"https:\/\/iglesiapalabrapura.com\/site\/wp-json\/wp\/v2\/product"}],"about":[{"href":"https:\/\/iglesiapalabrapura.com\/site\/wp-json\/wp\/v2\/types\/product"}],"replies":[{"embeddable":true,"href":"https:\/\/iglesiapalabrapura.com\/site\/wp-json\/wp\/v2\/comments?post=36732"}],"wp:featuredmedia":[{"embeddable":true,"href":"https:\/\/iglesiapalabrapura.com\/site\/wp-json\/wp\/v2\/media\/36733"}],"wp:attachment":[{"href":"https:\/\/iglesiapalabrapura.com\/site\/wp-json\/wp\/v2\/media?parent=36732"}],"wp:term":[{"taxonomy":"product_cat","embeddable":true,"href":"https:\/\/iglesiapalabrapura.com\/site\/wp-json\/wp\/v2\/product_cat?post=36732"},{"taxonomy":"product_tag","embeddable":true,"href":"https:\/\/iglesiapalabrapura.com\/site\/wp-json\/wp\/v2\/product_tag?post=36732"}],"curies":[{"name":"wp","href":"https:\/\/api.w.org\/{rel}","templated":true}]}}