{"id":36993,"date":"2023-06-30T16:05:41","date_gmt":"2023-06-30T21:05:41","guid":{"rendered":"https:\/\/iglesiapalabrapura.com\/site\/?post_type=product&#038;p=36993"},"modified":"2025-10-17T11:46:11","modified_gmt":"2025-10-17T16:46:11","slug":"familias-confiadas","status":"publish","type":"product","link":"https:\/\/iglesiapalabrapura.com\/site\/product\/familias-confiadas\/","title":{"rendered":"Familias Confiadas"},"content":{"rendered":"","protected":false},"excerpt":{"rendered":"<p>C\u00f3mo la familia debe actuar para evitar desarrollar entre los miembros la depresi\u00f3n, la culpa, la ira, los complejos de inferioridad, etc. y c\u00f3mo responder ante ellos en caso de que ya existan en la familia.<\/p>\n","protected":false},"featured_media":36994,"comment_status":"open","ping_status":"closed","template":"","meta":[],"product_cat":[846,54,1171],"product_tag":[858,668,667,99,671,669,69,661],"class_list":{"0":"post-36993","1":"product","2":"type-product","3":"status-publish","4":"has-post-thumbnail","6":"product_cat-jamesdobson","7":"product_cat-libros","8":"product_cat-por-autor","9":"product_tag-complejo-de-inferioridad","10":"product_tag-culpa","11":"product_tag-depresion","12":"product_tag-dr-james-dobson","13":"product_tag-familias-confiadas","14":"product_tag-ira","15":"product_tag-libro","16":"product_tag-oracion","18":"first","19":"instock","20":"shipping-taxable","21":"purchasable","22":"product-type-simple"},"_links":{"self":[{"href":"https:\/\/iglesiapalabrapura.com\/site\/wp-json\/wp\/v2\/product\/36993","targetHints":{"allow":["GET"]}}],"collection":[{"href":"https:\/\/iglesiapalabrapura.com\/site\/wp-json\/wp\/v2\/product"}],"about":[{"href":"https:\/\/iglesiapalabrapura.com\/site\/wp-json\/wp\/v2\/types\/product"}],"replies":[{"embeddable":true,"href":"https:\/\/iglesiapalabrapura.com\/site\/wp-json\/wp\/v2\/comments?post=36993"}],"wp:featuredmedia":[{"embeddable":true,"href":"https:\/\/iglesiapalabrapura.com\/site\/wp-json\/wp\/v2\/media\/36994"}],"wp:attachment":[{"href":"https:\/\/iglesiapalabrapura.com\/site\/wp-json\/wp\/v2\/media?parent=36993"}],"wp:term":[{"taxonomy":"product_cat","embeddable":true,"href":"https:\/\/iglesiapalabrapura.com\/site\/wp-json\/wp\/v2\/product_cat?post=36993"},{"taxonomy":"product_tag","embeddable":true,"href":"https:\/\/iglesiapalabrapura.com\/site\/wp-json\/wp\/v2\/product_tag?post=36993"}],"curies":[{"name":"wp","href":"https:\/\/api.w.org\/{rel}","templated":true}]}}