{"id":37063,"date":"2023-07-11T17:16:57","date_gmt":"2023-07-11T22:16:57","guid":{"rendered":"https:\/\/iglesiapalabrapura.com\/site\/?post_type=product&#038;p=37063"},"modified":"2025-06-20T14:42:58","modified_gmt":"2025-06-20T19:42:58","slug":"como-descubrir-seguir-y-realizar-la-voluntad-de-dios-2","status":"publish","type":"product","link":"https:\/\/iglesiapalabrapura.com\/site\/product\/como-descubrir-seguir-y-realizar-la-voluntad-de-dios-2\/","title":{"rendered":"C\u00f3mo Descubrir, Seguir y Realizar la Voluntad de Dios E-Book"},"content":{"rendered":"","protected":false},"excerpt":{"rendered":"<p>La mayor\u00eda de la gente se ha perdido la noci\u00f3n de destino; el designio que Dios tiene para sus vidas. Muchos inclusive creen que no se puede conocer el designio de Dios-que en su soberan\u00eda, \u00c9l har\u00e1 que se realice sin tomar en cuenta lo que ellos hagan. Por mucho tiempo este punto de vista ha impedido que los cristianos conozcan todos los dones que Dios plane\u00f3 para ellos. Pero no m\u00e1s. Dios te cre\u00f3 con un prop\u00f3sito espec\u00edfico, y la buena nueva es que \u00c9l quiere que lo encuentres.<\/p>\n<p>Sin embargo, nada m\u00e1s conocer la voluntad de Dios, no es suficiente. T\u00fa tienes que entender la parte que a ti te toca si vas a seguirla. Quiz\u00e1 te sorprenda saber que esto implica seguir los deseos de tu coraz\u00f3n. Pero antes de que empieces, aseg\u00farate de que puedas distinguir Su designio de tus deseos ego\u00edstas personales.<\/p>\n<p>Una de las lecciones m\u00e1s importantes de todo esto es que t\u00fa no puedes llevar a cabo el designio que Dios tiene para tu vida a tu manera. Su fuerza moral y Su momento oportuno para llevarlo a cabo, y tu obediencia y paciencia son solamente algunos de los requisitos. Este libro explica todo esto y mucho m\u00e1s; tambi\u00e9n incluye la manera como Andrew encontr\u00f3, ha seguido, y est\u00e1 llevando a cabo el designio que Dios tiene para su vida. \u00a1Esto te ayudar\u00e1 conforme te encaminas a realizar lo mismo!<\/p>\n","protected":false},"featured_media":29079,"comment_status":"open","ping_status":"closed","template":"","meta":[],"product_cat":[892,63,1177,1202,1204],"product_tag":[75,93,69,94],"class_list":{"0":"post-37063","1":"product","2":"type-product","3":"status-publish","4":"has-post-thumbnail","6":"product_cat-andrewwommack-e-book","7":"product_cat-e-book","8":"product_cat-por-autor-e-book","9":"product_cat-por-tema-e-book","10":"product_cat-sanidad-por-tema-e-book","11":"product_tag-andrew-wommack","12":"product_tag-como-descubrir","13":"product_tag-libro","14":"product_tag-seguir-y-realizar-la-voluntad-de-dios","16":"first","17":"instock","18":"downloadable","19":"virtual","20":"purchasable","21":"product-type-simple"},"_links":{"self":[{"href":"https:\/\/iglesiapalabrapura.com\/site\/wp-json\/wp\/v2\/product\/37063","targetHints":{"allow":["GET"]}}],"collection":[{"href":"https:\/\/iglesiapalabrapura.com\/site\/wp-json\/wp\/v2\/product"}],"about":[{"href":"https:\/\/iglesiapalabrapura.com\/site\/wp-json\/wp\/v2\/types\/product"}],"replies":[{"embeddable":true,"href":"https:\/\/iglesiapalabrapura.com\/site\/wp-json\/wp\/v2\/comments?post=37063"}],"wp:featuredmedia":[{"embeddable":true,"href":"https:\/\/iglesiapalabrapura.com\/site\/wp-json\/wp\/v2\/media\/29079"}],"wp:attachment":[{"href":"https:\/\/iglesiapalabrapura.com\/site\/wp-json\/wp\/v2\/media?parent=37063"}],"wp:term":[{"taxonomy":"product_cat","embeddable":true,"href":"https:\/\/iglesiapalabrapura.com\/site\/wp-json\/wp\/v2\/product_cat?post=37063"},{"taxonomy":"product_tag","embeddable":true,"href":"https:\/\/iglesiapalabrapura.com\/site\/wp-json\/wp\/v2\/product_tag?post=37063"}],"curies":[{"name":"wp","href":"https:\/\/api.w.org\/{rel}","templated":true}]}}