{"id":37666,"date":"2023-08-20T05:00:08","date_gmt":"2023-08-20T10:00:08","guid":{"rendered":"https:\/\/iglesiapalabrapura.com\/site\/?post_type=product&#038;p=37666"},"modified":"2025-11-06T13:55:26","modified_gmt":"2025-11-06T18:55:26","slug":"jerusalem-2","status":"publish","type":"product","link":"https:\/\/iglesiapalabrapura.com\/site\/product\/jerusalem-2\/","title":{"rendered":"Jerusalem"},"content":{"rendered":"","protected":false},"excerpt":{"rendered":"<div>Jerusalem ha sido indiscutiblemente objeto de discordia entre las naciones, desde que Dios escogi\u00f3 a Israel como Su pueblo. La Pastora Adriana H. Lemes nos lleva por un maravilloso viaje por la historia de Jerusalem, para que podamos ver claramente por qu\u00e9 Dios la eligi\u00f3, cu\u00e1l ha sido, es, y ser\u00e1 su impacto en el mundo, y por qu\u00e9 la Iglesia debe reconocerla como la Capital eterna de Israel.<\/div>\n<p>&nbsp;<\/p>\n","protected":false},"featured_media":37667,"comment_status":"open","ping_status":"closed","template":"","meta":[],"product_cat":[890,1160,54,1171,1158],"product_tag":[114,263,69,62],"class_list":{"0":"post-37666","1":"product","2":"type-product","3":"status-publish","4":"has-post-thumbnail","6":"product_cat-adrianalemes-libros","7":"product_cat-biografias","8":"product_cat-libros","9":"product_cat-por-autor","10":"product_cat-por-temas","11":"product_tag-adriana-h-lemes","12":"product_tag-jerusalem","13":"product_tag-libro","14":"product_tag-pastora-adriana-lemes","16":"first","17":"instock","18":"shipping-taxable","19":"purchasable","20":"product-type-simple"},"_links":{"self":[{"href":"https:\/\/iglesiapalabrapura.com\/site\/wp-json\/wp\/v2\/product\/37666","targetHints":{"allow":["GET"]}}],"collection":[{"href":"https:\/\/iglesiapalabrapura.com\/site\/wp-json\/wp\/v2\/product"}],"about":[{"href":"https:\/\/iglesiapalabrapura.com\/site\/wp-json\/wp\/v2\/types\/product"}],"replies":[{"embeddable":true,"href":"https:\/\/iglesiapalabrapura.com\/site\/wp-json\/wp\/v2\/comments?post=37666"}],"wp:featuredmedia":[{"embeddable":true,"href":"https:\/\/iglesiapalabrapura.com\/site\/wp-json\/wp\/v2\/media\/37667"}],"wp:attachment":[{"href":"https:\/\/iglesiapalabrapura.com\/site\/wp-json\/wp\/v2\/media?parent=37666"}],"wp:term":[{"taxonomy":"product_cat","embeddable":true,"href":"https:\/\/iglesiapalabrapura.com\/site\/wp-json\/wp\/v2\/product_cat?post=37666"},{"taxonomy":"product_tag","embeddable":true,"href":"https:\/\/iglesiapalabrapura.com\/site\/wp-json\/wp\/v2\/product_tag?post=37666"}],"curies":[{"name":"wp","href":"https:\/\/api.w.org\/{rel}","templated":true}]}}