{"id":37827,"date":"2023-08-15T17:07:44","date_gmt":"2023-08-15T22:07:44","guid":{"rendered":"https:\/\/iglesiapalabrapura.com\/site\/?post_type=product&#038;p=37827"},"modified":"2025-06-20T14:49:12","modified_gmt":"2025-06-20T19:49:12","slug":"que-voz-escuchas-serie-video","status":"publish","type":"product","link":"https:\/\/iglesiapalabrapura.com\/site\/product\/que-voz-escuchas-serie-video\/","title":{"rendered":"\u00bfQU\u00c9 VOZ ESCUCHAS? (SERIE- VIDEO)"},"content":{"rendered":"","protected":false},"excerpt":{"rendered":"<p>Nuestro Pastor Rafael nos recuerda a trav\u00e9s de esta serie lo que somos de acuerdo a 1 Tesalonicenses 5:23, (Esp\u00edritu, Alma y Cuerpo) y que de acuerdo a cu\u00e1l de ellos inclines tu o\u00eddo, as\u00ed ser\u00e1n los resultados que obtengas, es hora prestar atenci\u00f3n sobre las decisiones qu\u00e9 estamos tomando y cu\u00e1les son los resultados de estas.<\/p>\n<p>&nbsp;<\/p>\n<p>Ense\u00f1anza del a\u00f1o 2022<\/p>\n","protected":false},"featured_media":37821,"comment_status":"open","ping_status":"closed","template":"","meta":[],"product_cat":[53,1183,860,1181,1180],"product_tag":[700,116,65,120],"class_list":{"0":"post-37827","1":"product","2":"type-product","3":"status-publish","4":"has-post-thumbnail","6":"product_cat-ensenanzavideo","7":"product_cat-obediencia","8":"product_cat-rafaellemes","9":"product_cat-por-autor-ensenanzavideo","10":"product_cat-por-tema","11":"product_tag-que-voz-escuchas","12":"product_tag-iglesia-palabra-pura","13":"product_tag-pastor-rafael-lemes","14":"product_tag-serie","16":"first","17":"instock","18":"downloadable","19":"virtual","20":"purchasable","21":"product-type-simple"},"_links":{"self":[{"href":"https:\/\/iglesiapalabrapura.com\/site\/wp-json\/wp\/v2\/product\/37827","targetHints":{"allow":["GET"]}}],"collection":[{"href":"https:\/\/iglesiapalabrapura.com\/site\/wp-json\/wp\/v2\/product"}],"about":[{"href":"https:\/\/iglesiapalabrapura.com\/site\/wp-json\/wp\/v2\/types\/product"}],"replies":[{"embeddable":true,"href":"https:\/\/iglesiapalabrapura.com\/site\/wp-json\/wp\/v2\/comments?post=37827"}],"wp:featuredmedia":[{"embeddable":true,"href":"https:\/\/iglesiapalabrapura.com\/site\/wp-json\/wp\/v2\/media\/37821"}],"wp:attachment":[{"href":"https:\/\/iglesiapalabrapura.com\/site\/wp-json\/wp\/v2\/media?parent=37827"}],"wp:term":[{"taxonomy":"product_cat","embeddable":true,"href":"https:\/\/iglesiapalabrapura.com\/site\/wp-json\/wp\/v2\/product_cat?post=37827"},{"taxonomy":"product_tag","embeddable":true,"href":"https:\/\/iglesiapalabrapura.com\/site\/wp-json\/wp\/v2\/product_tag?post=37827"}],"curies":[{"name":"wp","href":"https:\/\/api.w.org\/{rel}","templated":true}]}}