{"id":37858,"date":"2023-09-01T00:00:18","date_gmt":"2023-09-01T05:00:18","guid":{"rendered":"https:\/\/iglesiapalabrapura.com\/site\/?post_type=product&#038;p=37858"},"modified":"2025-10-17T12:25:35","modified_gmt":"2025-10-17T17:25:35","slug":"amor-el-camino-a-la-victoria","status":"publish","type":"product","link":"https:\/\/iglesiapalabrapura.com\/site\/product\/amor-el-camino-a-la-victoria\/","title":{"rendered":"Amor, El Camino A La Victoria"},"content":{"rendered":"","protected":false},"excerpt":{"rendered":"<div>HAGA DEL AMOR DE DIOS SU OBJETIVO DE VIDA<\/div>\n<div><\/div>\n<div>Si yo hablase lenguas humanas y ang\u00e9licas, y no tengo amor, vengo a ser como metal que resuena, o c\u00edmbalo que reti\u00f1e. 1 Corintios 13:1<\/div>\n<div>Cuando el amor de Dios es el objetivo de vida de las personas, empiezan a recibir \u00a0los beneficios \u00a0de caminar en ese amor perfecto. Caminar en amor le traer\u00e1 a su vida salud f\u00edsica, mientras que el guardar rencor comenzar\u00e1 a hacerle da\u00f1o, al punto de enfermarle.<\/div>\n<div>En esta obra, el autor Kenneth E. Hagin demuestra las diferencias del amor divino vs. el amor humano.<\/div>\n<div>Le ayudar\u00e1 a hacer una confesi\u00f3n personal en la que usted comprometer\u00e1 su vida con una oraci\u00f3n que dice: \u201cVoy a caminar en el amor de Dios. No voy a criticar a otros porque el amor de Dios no hace da\u00f1o al pr\u00f3jimo\u201d.<\/div>\n<div>Y concluye: \u201cTe doy gracias, Padre, \u00a0que mientras me esfuerzo en crecer en el fruto del amor, T\u00fa me ayudas a ser todo lo que puedo ser en ti\u201d.<\/div>\n<div>Si yo hablase lenguas humanas y ang\u00e9licas, y no tengo amor, vengo a ser como metal que resuena, o c\u00edmbalo que reti\u00f1e. 1 Corintios 13:1<\/div>\n","protected":false},"featured_media":37859,"comment_status":"open","ping_status":"closed","template":"","meta":[],"product_cat":[839,54,1158,1159],"product_tag":[483,702,71,69],"class_list":{"0":"post-37858","1":"product","2":"type-product","3":"status-publish","4":"has-post-thumbnail","6":"product_cat-kenneth-hagin","7":"product_cat-libros","8":"product_cat-por-temas","9":"product_cat-vida-cristiana","10":"product_tag-amor","11":"product_tag-el-camino-a-la-victoria","12":"product_tag-kenneth-e-hagin","13":"product_tag-libro","15":"first","16":"instock","17":"shipping-taxable","18":"purchasable","19":"product-type-simple"},"_links":{"self":[{"href":"https:\/\/iglesiapalabrapura.com\/site\/wp-json\/wp\/v2\/product\/37858","targetHints":{"allow":["GET"]}}],"collection":[{"href":"https:\/\/iglesiapalabrapura.com\/site\/wp-json\/wp\/v2\/product"}],"about":[{"href":"https:\/\/iglesiapalabrapura.com\/site\/wp-json\/wp\/v2\/types\/product"}],"replies":[{"embeddable":true,"href":"https:\/\/iglesiapalabrapura.com\/site\/wp-json\/wp\/v2\/comments?post=37858"}],"wp:featuredmedia":[{"embeddable":true,"href":"https:\/\/iglesiapalabrapura.com\/site\/wp-json\/wp\/v2\/media\/37859"}],"wp:attachment":[{"href":"https:\/\/iglesiapalabrapura.com\/site\/wp-json\/wp\/v2\/media?parent=37858"}],"wp:term":[{"taxonomy":"product_cat","embeddable":true,"href":"https:\/\/iglesiapalabrapura.com\/site\/wp-json\/wp\/v2\/product_cat?post=37858"},{"taxonomy":"product_tag","embeddable":true,"href":"https:\/\/iglesiapalabrapura.com\/site\/wp-json\/wp\/v2\/product_tag?post=37858"}],"curies":[{"name":"wp","href":"https:\/\/api.w.org\/{rel}","templated":true}]}}